{"id":3221,"date":"2025-08-16T03:50:42","date_gmt":"2025-08-16T03:50:42","guid":{"rendered":"https:\/\/trungviettrung.com\/?post_type=product&#038;p=3221"},"modified":"2025-08-16T03:53:01","modified_gmt":"2025-08-16T03:53:01","slug":"aptomat-dz47le-63-4pc40-bao-ve-chong-ngan-mach-qua-tai-chinh-hang-etot","status":"publish","type":"product","link":"https:\/\/trungviettrung.com\/san-pham\/aptomat-dz47le-63-4pc40-bao-ve-chong-ngan-mach-qua-tai-chinh-hang-etot\/","title":{"rendered":"Aptomat DZ47LE-63 4PC40  b\u1ea3o v\u1ec7 ch\u1ed1ng ng\u1eafn m\u1ea1ch qu\u00e1 t\u1ea3i ch\u00ednh h\u00e3ng  &#8211; ETOT"},"content":{"rendered":"<h2>Unmatched Reliability and Performance<\/h2>\n<p>The Aptomat DZ47LE-63 4PC40 is the ultimate solution for safeguarding your electrical systems. Designed to operate optimally at 400V and 50Hz, this high-performing circuit breaker offers unparalleled protection for both residential and commercial applications. With a capacity of up to 4500A, it ensures safety, efficiency, and reliability in managing electrical circuits.<\/p>\n<h2>A Versatile Choice for Safety<\/h2>\n<p>Simplicity meets versatility in the Aptomat DZ47LE-63 4PC40. Whether you\u2019re dealing with overload risks or short-circuit interruptions, this device is built to provide robust protection. Thanks to its 4-pole configuration, it delivers enhanced accuracy in fault isolation, minimizing downtime and damage to your electrical installations. Its compact design and user-friendly setup make it ideal for various environments, including homes, offices, and industrial settings.<\/p>\n<h2>Lasting Value and Quality Assurance<\/h2>\n<p>When you invest in the Aptomat DZ47LE-63 4PC40, you\u2019re choosing a product crafted with durable materials and advanced technology. Its consistent performance is engineered to meet stringent international standards, ensuring long-term reliability. The 4500A interruption capacity means that this circuit breaker is ready to handle high-intensity operations without compromising safety. Whether it\u2019s for initial installation or replacements, this product offers outstanding value with quality you can trust.<\/p>\n","protected":false},"excerpt":{"rendered":"<h3 data-section-id=\"ocywt5\" data-start=\"292\" data-end=\"345\"><strong data-start=\"299\" data-end=\"345\">Th\u00f4ng s\u1ed1 k\u1ef9 thu\u1eadt Aptomat DZ47LE-63 4PC40<\/strong><\/h3>\n<div class=\"_tableContainer_80l1q_1\">\n<div class=\"_tableWrapper_80l1q_14 group flex w-fit flex-col-reverse\" tabindex=\"-1\">\n<div class=\"_tableContainer_16hzy_1\">\n<div class=\"_tableWrapper_16hzy_14 group flex w-fit flex-col-reverse\" tabindex=\"-1\">\n<table class=\"w-fit min-w-(--thread-content-width)\" data-start=\"154\" data-end=\"1863\">\n<thead data-start=\"154\" data-end=\"254\">\n<tr data-start=\"154\" data-end=\"254\">\n<th data-start=\"154\" data-end=\"189\" data-col-size=\"sm\"><strong data-start=\"156\" data-end=\"168\">Th\u00f4ng s\u1ed1<\/strong><\/th>\n<th data-start=\"189\" data-end=\"254\" data-col-size=\"md\"><strong data-start=\"191\" data-end=\"203\">Chi ti\u1ebft<\/strong><\/th>\n<\/tr>\n<\/thead>\n<tbody data-start=\"357\" data-end=\"1863\">\n<tr data-start=\"357\" data-end=\"458\">\n<td data-start=\"357\" data-end=\"392\" data-col-size=\"sm\"><strong data-start=\"359\" data-end=\"374\">M\u00e3 s\u1ea3n ph\u1ea9m<\/strong><\/td>\n<td data-col-size=\"md\" data-start=\"392\" data-end=\"458\">DZ47LE\u201163 4P C40<\/td>\n<\/tr>\n<tr data-start=\"459\" data-end=\"560\">\n<td data-start=\"459\" data-end=\"494\" data-col-size=\"sm\"><strong data-start=\"461\" data-end=\"478\">Lo\u1ea1i thi\u1ebft b\u1ecb<\/strong><\/td>\n<td data-col-size=\"md\" data-start=\"494\" data-end=\"560\">Aptomat ch\u1ed1ng r\u00f2 \u0111i\u1ec7n (t\u00edch h\u1ee3p MCB + RCCB)<\/td>\n<\/tr>\n<tr data-start=\"561\" data-end=\"660\">\n<td data-start=\"561\" data-end=\"595\" data-col-size=\"sm\"><strong data-start=\"563\" data-end=\"581\">S\u1ed1 c\u1ef1c (Poles)<\/strong><\/td>\n<td data-col-size=\"md\" data-start=\"595\" data-end=\"660\">4P \u2013 b\u1ea3o v\u1ec7 3 pha + trung t\u00ednh (L1, L2, L3, N)<\/td>\n<\/tr>\n<tr data-start=\"661\" data-end=\"760\">\n<td data-start=\"661\" data-end=\"695\" data-col-size=\"sm\"><strong data-start=\"663\" data-end=\"690\">D\u00f2ng \u0111i\u1ec7n \u0111\u1ecbnh m\u1ee9c (In)<\/strong><\/td>\n<td data-col-size=\"md\" data-start=\"695\" data-end=\"760\">40A<\/td>\n<\/tr>\n<tr data-start=\"761\" data-end=\"860\">\n<td data-start=\"761\" data-end=\"795\" data-col-size=\"sm\"><strong data-start=\"763\" data-end=\"794\">\u0110\u1eb7c tuy\u1ebfn ng\u1eaft (Trip Curve)<\/strong><\/td>\n<td data-col-size=\"md\" data-start=\"795\" data-end=\"860\">Lo\u1ea1i C \u2013 ng\u1eaft khi d\u00f2ng v\u01b0\u1ee3t 5\u201310 l\u1ea7n In (200A \u2013 400A)<\/td>\n<\/tr>\n<tr data-start=\"861\" data-end=\"960\">\n<td data-start=\"861\" data-end=\"895\" data-col-size=\"sm\"><strong data-start=\"863\" data-end=\"890\">D\u00f2ng \u0111i\u1ec7n r\u00f2 ng\u1eaft (I\u0394n)<\/strong><\/td>\n<td data-col-size=\"md\" data-start=\"895\" data-end=\"960\">30mA (chu\u1ea9n an to\u00e0n ch\u1ed1ng gi\u1eadt)<\/td>\n<\/tr>\n<tr data-start=\"961\" data-end=\"1060\">\n<td data-start=\"961\" data-end=\"995\" data-col-size=\"sm\"><strong data-start=\"963\" data-end=\"990\">Th\u1eddi gian ng\u1eaft r\u00f2 (t\u0394n)<\/strong><\/td>\n<td data-col-size=\"md\" data-start=\"995\" data-end=\"1060\">&lt; 0.1 gi\u00e2y (~30ms)<\/td>\n<\/tr>\n<tr data-start=\"1061\" data-end=\"1160\">\n<td data-start=\"1061\" data-end=\"1095\" data-col-size=\"sm\"><strong data-start=\"1063\" data-end=\"1088\">\u0110i\u1ec7n \u00e1p \u0111\u1ecbnh m\u1ee9c (Un)<\/strong><\/td>\n<td data-col-size=\"md\" data-start=\"1095\" data-end=\"1160\">400V AC \/ 50Hz (3 pha 4 d\u00e2y)<\/td>\n<\/tr>\n<tr data-start=\"1161\" data-end=\"1260\">\n<td data-start=\"1161\" data-end=\"1195\" data-col-size=\"sm\"><strong data-start=\"1163\" data-end=\"1191\">D\u00f2ng c\u1eaft ng\u1eafn m\u1ea1ch (Icn)<\/strong><\/td>\n<td data-col-size=\"md\" data-start=\"1195\" data-end=\"1260\">4500A (4.5kA) \u2013 gi\u1ea3m nh\u1eb9 so v\u1edbi d\u00f2ng \u226432A<\/td>\n<\/tr>\n<tr data-start=\"1261\" data-end=\"1361\">\n<td data-start=\"1261\" data-end=\"1295\" data-col-size=\"sm\"><strong data-start=\"1263\" data-end=\"1291\">\u0110i\u1ec7n \u00e1p ch\u1ecbu xung (Uimp)<\/strong><\/td>\n<td data-col-size=\"md\" data-start=\"1295\" data-end=\"1361\">4kV<\/td>\n<\/tr>\n<tr data-start=\"1362\" data-end=\"1462\">\n<td data-start=\"1362\" data-end=\"1396\" data-col-size=\"sm\"><strong data-start=\"1364\" data-end=\"1386\">Ti\u00eau chu\u1ea9n \u00e1p d\u1ee5ng<\/strong><\/td>\n<td data-col-size=\"md\" data-start=\"1396\" data-end=\"1462\">IEC61009-1 \/ GB16917.1<\/td>\n<\/tr>\n<tr data-start=\"1463\" data-end=\"1562\">\n<td data-start=\"1463\" data-end=\"1497\" data-col-size=\"sm\"><strong data-start=\"1465\" data-end=\"1481\">Ch\u1ea5t li\u1ec7u v\u1ecf<\/strong><\/td>\n<td data-col-size=\"md\" data-start=\"1497\" data-end=\"1562\">Nh\u1ef1a ABS cao c\u1ea5p, ch\u1ed1ng ch\u00e1y<\/td>\n<\/tr>\n<tr data-start=\"1563\" data-end=\"1663\">\n<td data-start=\"1563\" data-end=\"1597\" data-col-size=\"sm\"><strong data-start=\"1565\" data-end=\"1593\">Tu\u1ed5i th\u1ecd c\u01a1 h\u1ecdc\/\u0111i\u1ec7n h\u1ecdc<\/strong><\/td>\n<td data-col-size=\"md\" data-start=\"1597\" data-end=\"1663\">\u2265 4000 l\u1ea7n \u0111\u00f3ng\/c\u1eaft<\/td>\n<\/tr>\n<tr data-start=\"1664\" data-end=\"1763\">\n<td data-start=\"1664\" data-end=\"1698\" data-col-size=\"sm\"><strong data-start=\"1666\" data-end=\"1677\">L\u1eafp \u0111\u1eb7t<\/strong><\/td>\n<td data-col-size=\"md\" data-start=\"1698\" data-end=\"1763\">Tr\u00ean thanh ray DIN 35mm<\/td>\n<\/tr>\n<tr data-start=\"1764\" data-end=\"1863\">\n<td data-start=\"1764\" data-end=\"1798\" data-col-size=\"sm\"><strong data-start=\"1766\" data-end=\"1792\">K\u00edch th\u01b0\u1edbc (tham kh\u1ea3o)<\/strong><\/td>\n<td data-col-size=\"md\" data-start=\"1798\" data-end=\"1863\">R\u1ed9ng ~72mm (4 module), cao ~80mm, s\u00e2u ~75mm<\/td>\n<\/tr>\n<\/tbody>\n<\/table>\n<\/div>\n<\/div>\n<\/div>\n<\/div>\n","protected":false},"featured_media":3347,"comment_status":"open","ping_status":"closed","template":"","meta":{"_uag_custom_page_level_css":""},"product_brand":[106],"product_cat":[82,104],"product_tag":[114],"class_list":{"0":"post-3221","1":"product","2":"type-product","3":"status-publish","4":"has-post-thumbnail","6":"product_brand-etot","7":"product_cat-aptomat","8":"product_cat-aptomat4p","9":"product_tag-aptomat","11":"first","12":"instock","13":"sale","14":"shipping-taxable","15":"purchasable","16":"product-type-simple"},"yoast_head":"<!-- This site is optimized with the Yoast SEO plugin v27.3 - https:\/\/yoast.com\/product\/yoast-seo-wordpress\/ -->\n<title>Aptomat DZ47LE-63 4PC40 b\u1ea3o v\u1ec7 ch\u1ed1ng ng\u1eafn m\u1ea1ch qu\u00e1 t\u1ea3i ch\u00ednh h\u00e3ng - ETOT - trungviettrung.com<\/title>\n<meta name=\"robots\" content=\"index, follow, max-snippet:-1, max-image-preview:large, max-video-preview:-1\" \/>\n<link rel=\"canonical\" href=\"https:\/\/trungviettrung.com\/san-pham\/aptomat-dz47le-63-4pc40-bao-ve-chong-ngan-mach-qua-tai-chinh-hang-etot\/\" \/>\n<meta property=\"og:locale\" content=\"vi_VN\" \/>\n<meta property=\"og:type\" content=\"article\" \/>\n<meta property=\"og:title\" content=\"Aptomat DZ47LE-63 4PC40 b\u1ea3o v\u1ec7 ch\u1ed1ng ng\u1eafn m\u1ea1ch qu\u00e1 t\u1ea3i ch\u00ednh h\u00e3ng - ETOT - trungviettrung.com\" \/>\n<meta property=\"og:description\" content=\"Th\u00f4ng s\u1ed1 k\u1ef9 thu\u1eadt Aptomat DZ47LE-63 4PC40        Th\u00f4ng s\u1ed1 Chi ti\u1ebft     M\u00e3 s\u1ea3n ph\u1ea9m DZ47LE\u201163 4P C40   Lo\u1ea1i thi\u1ebft b\u1ecb Aptomat ch\u1ed1ng r\u00f2 \u0111i\u1ec7n (t\u00edch h\u1ee3p MCB + RCCB)   S\u1ed1 c\u1ef1c (Poles) 4P \u2013 b\u1ea3o v\u1ec7 3 pha + trung t\u00ednh (L1, L2, L3, N)   D\u00f2ng \u0111i\u1ec7n \u0111\u1ecbnh m\u1ee9c (In) 40A   \u0110\u1eb7c tuy\u1ebfn ng\u1eaft (Trip Curve) Lo\u1ea1i C \u2013 ng\u1eaft khi d\u00f2ng v\u01b0\u1ee3t 5\u201310 l\u1ea7n In (200A \u2013 400A)   D\u00f2ng \u0111i\u1ec7n r\u00f2 ng\u1eaft (I\u0394n) 30mA (chu\u1ea9n an to\u00e0n ch\u1ed1ng gi\u1eadt)   Th\u1eddi gian ng\u1eaft r\u00f2 (t\u0394n) &lt; 0.1 gi\u00e2y (~30ms)   \u0110i\u1ec7n \u00e1p \u0111\u1ecbnh m\u1ee9c (Un) 400V AC \/ 50Hz (3 pha 4 d\u00e2y)   D\u00f2ng c\u1eaft ng\u1eafn m\u1ea1ch (Icn) 4500A (4.5kA) \u2013 gi\u1ea3m nh\u1eb9 so v\u1edbi d\u00f2ng \u226432A   \u0110i\u1ec7n \u00e1p ch\u1ecbu xung (Uimp) 4kV   Ti\u00eau chu\u1ea9n \u00e1p d\u1ee5ng IEC61009-1 \/ GB16917.1   Ch\u1ea5t li\u1ec7u v\u1ecf Nh\u1ef1a ABS cao c\u1ea5p, ch\u1ed1ng ch\u00e1y   Tu\u1ed5i th\u1ecd c\u01a1 h\u1ecdc\/\u0111i\u1ec7n h\u1ecdc \u2265 4000 l\u1ea7n \u0111\u00f3ng\/c\u1eaft   L\u1eafp \u0111\u1eb7t Tr\u00ean thanh ray DIN 35mm   K\u00edch th\u01b0\u1edbc (tham kh\u1ea3o) R\u1ed9ng ~72mm (4 module), cao ~80mm, s\u00e2u ~75mm\" \/>\n<meta property=\"og:url\" content=\"https:\/\/trungviettrung.com\/san-pham\/aptomat-dz47le-63-4pc40-bao-ve-chong-ngan-mach-qua-tai-chinh-hang-etot\/\" \/>\n<meta property=\"og:site_name\" content=\"trungviettrung.com\" \/>\n<meta property=\"article:publisher\" content=\"https:\/\/www.facebook.com\/tttmtrungviettrung\/\" \/>\n<meta property=\"article:modified_time\" content=\"2025-08-16T03:53:01+00:00\" \/>\n<meta property=\"og:image\" content=\"https:\/\/trungviettrung.com\/wp-content\/uploads\/2025\/08\/DSCF0245-scaled-1.jpg\" \/>\n\t<meta property=\"og:image:width\" content=\"2560\" \/>\n\t<meta property=\"og:image:height\" content=\"1707\" \/>\n\t<meta property=\"og:image:type\" content=\"image\/jpeg\" \/>\n<meta name=\"twitter:card\" content=\"summary_large_image\" \/>\n<meta name=\"twitter:label1\" content=\"\u01af\u1edbc t\u00ednh th\u1eddi gian \u0111\u1ecdc\" \/>\n\t<meta name=\"twitter:data1\" content=\"1 ph\u00fat\" \/>\n<script type=\"application\/ld+json\" class=\"yoast-schema-graph\">{\"@context\":\"https:\\\/\\\/schema.org\",\"@graph\":[{\"@type\":\"WebPage\",\"@id\":\"https:\\\/\\\/trungviettrung.com\\\/san-pham\\\/aptomat-dz47le-63-4pc40-bao-ve-chong-ngan-mach-qua-tai-chinh-hang-etot\\\/\",\"url\":\"https:\\\/\\\/trungviettrung.com\\\/san-pham\\\/aptomat-dz47le-63-4pc40-bao-ve-chong-ngan-mach-qua-tai-chinh-hang-etot\\\/\",\"name\":\"Aptomat DZ47LE-63 4PC40 b\u1ea3o v\u1ec7 ch\u1ed1ng ng\u1eafn m\u1ea1ch qu\u00e1 t\u1ea3i ch\u00ednh h\u00e3ng - ETOT - trungviettrung.com\",\"isPartOf\":{\"@id\":\"https:\\\/\\\/trungviettrung.com\\\/#website\"},\"primaryImageOfPage\":{\"@id\":\"https:\\\/\\\/trungviettrung.com\\\/san-pham\\\/aptomat-dz47le-63-4pc40-bao-ve-chong-ngan-mach-qua-tai-chinh-hang-etot\\\/#primaryimage\"},\"image\":{\"@id\":\"https:\\\/\\\/trungviettrung.com\\\/san-pham\\\/aptomat-dz47le-63-4pc40-bao-ve-chong-ngan-mach-qua-tai-chinh-hang-etot\\\/#primaryimage\"},\"thumbnailUrl\":\"https:\\\/\\\/trungviettrung.com\\\/wp-content\\\/uploads\\\/2025\\\/08\\\/DSCF0245-scaled-1.jpg\",\"datePublished\":\"2025-08-16T03:50:42+00:00\",\"dateModified\":\"2025-08-16T03:53:01+00:00\",\"breadcrumb\":{\"@id\":\"https:\\\/\\\/trungviettrung.com\\\/san-pham\\\/aptomat-dz47le-63-4pc40-bao-ve-chong-ngan-mach-qua-tai-chinh-hang-etot\\\/#breadcrumb\"},\"inLanguage\":\"vi\",\"potentialAction\":[{\"@type\":\"ReadAction\",\"target\":[\"https:\\\/\\\/trungviettrung.com\\\/san-pham\\\/aptomat-dz47le-63-4pc40-bao-ve-chong-ngan-mach-qua-tai-chinh-hang-etot\\\/\"]}]},{\"@type\":\"ImageObject\",\"inLanguage\":\"vi\",\"@id\":\"https:\\\/\\\/trungviettrung.com\\\/san-pham\\\/aptomat-dz47le-63-4pc40-bao-ve-chong-ngan-mach-qua-tai-chinh-hang-etot\\\/#primaryimage\",\"url\":\"https:\\\/\\\/trungviettrung.com\\\/wp-content\\\/uploads\\\/2025\\\/08\\\/DSCF0245-scaled-1.jpg\",\"contentUrl\":\"https:\\\/\\\/trungviettrung.com\\\/wp-content\\\/uploads\\\/2025\\\/08\\\/DSCF0245-scaled-1.jpg\",\"width\":2560,\"height\":1707},{\"@type\":\"BreadcrumbList\",\"@id\":\"https:\\\/\\\/trungviettrung.com\\\/san-pham\\\/aptomat-dz47le-63-4pc40-bao-ve-chong-ngan-mach-qua-tai-chinh-hang-etot\\\/#breadcrumb\",\"itemListElement\":[{\"@type\":\"ListItem\",\"position\":1,\"name\":\"Trang ch\u1ee7\",\"item\":\"https:\\\/\\\/trungviettrung.com\\\/\"},{\"@type\":\"ListItem\",\"position\":2,\"name\":\"C\u1eeda h\u00e0ng\",\"item\":\"https:\\\/\\\/trungviettrung.com\\\/cua-hang\\\/\"},{\"@type\":\"ListItem\",\"position\":3,\"name\":\"Aptomat DZ47LE-63 4PC40 b\u1ea3o v\u1ec7 ch\u1ed1ng ng\u1eafn m\u1ea1ch qu\u00e1 t\u1ea3i ch\u00ednh h\u00e3ng &#8211; ETOT\"}]},{\"@type\":\"WebSite\",\"@id\":\"https:\\\/\\\/trungviettrung.com\\\/#website\",\"url\":\"https:\\\/\\\/trungviettrung.com\\\/\",\"name\":\"trungviettrung.com\",\"description\":\"\",\"publisher\":{\"@id\":\"https:\\\/\\\/trungviettrung.com\\\/#organization\"},\"potentialAction\":[{\"@type\":\"SearchAction\",\"target\":{\"@type\":\"EntryPoint\",\"urlTemplate\":\"https:\\\/\\\/trungviettrung.com\\\/?s={search_term_string}\"},\"query-input\":{\"@type\":\"PropertyValueSpecification\",\"valueRequired\":true,\"valueName\":\"search_term_string\"}}],\"inLanguage\":\"vi\"},{\"@type\":\"Organization\",\"@id\":\"https:\\\/\\\/trungviettrung.com\\\/#organization\",\"name\":\"trungviettrung.com\",\"url\":\"https:\\\/\\\/trungviettrung.com\\\/\",\"logo\":{\"@type\":\"ImageObject\",\"inLanguage\":\"vi\",\"@id\":\"https:\\\/\\\/trungviettrung.com\\\/#\\\/schema\\\/logo\\\/image\\\/\",\"url\":\"https:\\\/\\\/trungviettrung.com\\\/wp-content\\\/uploads\\\/2025\\\/09\\\/DAT-hang-NGAY-scaled.png\",\"contentUrl\":\"https:\\\/\\\/trungviettrung.com\\\/wp-content\\\/uploads\\\/2025\\\/09\\\/DAT-hang-NGAY-scaled.png\",\"width\":2560,\"height\":2146,\"caption\":\"trungviettrung.com\"},\"image\":{\"@id\":\"https:\\\/\\\/trungviettrung.com\\\/#\\\/schema\\\/logo\\\/image\\\/\"},\"sameAs\":[\"https:\\\/\\\/www.facebook.com\\\/tttmtrungviettrung\\\/\",\"https:\\\/\\\/www.youtube.com\\\/@tttmtrungviettrung\"]}]}<\/script>\n<!-- \/ Yoast SEO plugin. -->","yoast_head_json":{"title":"Aptomat DZ47LE-63 4PC40 b\u1ea3o v\u1ec7 ch\u1ed1ng ng\u1eafn m\u1ea1ch qu\u00e1 t\u1ea3i ch\u00ednh h\u00e3ng - ETOT - trungviettrung.com","robots":{"index":"index","follow":"follow","max-snippet":"max-snippet:-1","max-image-preview":"max-image-preview:large","max-video-preview":"max-video-preview:-1"},"canonical":"https:\/\/trungviettrung.com\/san-pham\/aptomat-dz47le-63-4pc40-bao-ve-chong-ngan-mach-qua-tai-chinh-hang-etot\/","og_locale":"vi_VN","og_type":"article","og_title":"Aptomat DZ47LE-63 4PC40 b\u1ea3o v\u1ec7 ch\u1ed1ng ng\u1eafn m\u1ea1ch qu\u00e1 t\u1ea3i ch\u00ednh h\u00e3ng - ETOT - trungviettrung.com","og_description":"Th\u00f4ng s\u1ed1 k\u1ef9 thu\u1eadt Aptomat DZ47LE-63 4PC40        Th\u00f4ng s\u1ed1 Chi ti\u1ebft     M\u00e3 s\u1ea3n ph\u1ea9m DZ47LE\u201163 4P C40   Lo\u1ea1i thi\u1ebft b\u1ecb Aptomat ch\u1ed1ng r\u00f2 \u0111i\u1ec7n (t\u00edch h\u1ee3p MCB + RCCB)   S\u1ed1 c\u1ef1c (Poles) 4P \u2013 b\u1ea3o v\u1ec7 3 pha + trung t\u00ednh (L1, L2, L3, N)   D\u00f2ng \u0111i\u1ec7n \u0111\u1ecbnh m\u1ee9c (In) 40A   \u0110\u1eb7c tuy\u1ebfn ng\u1eaft (Trip Curve) Lo\u1ea1i C \u2013 ng\u1eaft khi d\u00f2ng v\u01b0\u1ee3t 5\u201310 l\u1ea7n In (200A \u2013 400A)   D\u00f2ng \u0111i\u1ec7n r\u00f2 ng\u1eaft (I\u0394n) 30mA (chu\u1ea9n an to\u00e0n ch\u1ed1ng gi\u1eadt)   Th\u1eddi gian ng\u1eaft r\u00f2 (t\u0394n) &lt; 0.1 gi\u00e2y (~30ms)   \u0110i\u1ec7n \u00e1p \u0111\u1ecbnh m\u1ee9c (Un) 400V AC \/ 50Hz (3 pha 4 d\u00e2y)   D\u00f2ng c\u1eaft ng\u1eafn m\u1ea1ch (Icn) 4500A (4.5kA) \u2013 gi\u1ea3m nh\u1eb9 so v\u1edbi d\u00f2ng \u226432A   \u0110i\u1ec7n \u00e1p ch\u1ecbu xung (Uimp) 4kV   Ti\u00eau chu\u1ea9n \u00e1p d\u1ee5ng IEC61009-1 \/ GB16917.1   Ch\u1ea5t li\u1ec7u v\u1ecf Nh\u1ef1a ABS cao c\u1ea5p, ch\u1ed1ng ch\u00e1y   Tu\u1ed5i th\u1ecd c\u01a1 h\u1ecdc\/\u0111i\u1ec7n h\u1ecdc \u2265 4000 l\u1ea7n \u0111\u00f3ng\/c\u1eaft   L\u1eafp \u0111\u1eb7t Tr\u00ean thanh ray DIN 35mm   K\u00edch th\u01b0\u1edbc (tham kh\u1ea3o) R\u1ed9ng ~72mm (4 module), cao ~80mm, s\u00e2u ~75mm","og_url":"https:\/\/trungviettrung.com\/san-pham\/aptomat-dz47le-63-4pc40-bao-ve-chong-ngan-mach-qua-tai-chinh-hang-etot\/","og_site_name":"trungviettrung.com","article_publisher":"https:\/\/www.facebook.com\/tttmtrungviettrung\/","article_modified_time":"2025-08-16T03:53:01+00:00","og_image":[{"width":2560,"height":1707,"url":"https:\/\/trungviettrung.com\/wp-content\/uploads\/2025\/08\/DSCF0245-scaled-1.jpg","type":"image\/jpeg"}],"twitter_card":"summary_large_image","twitter_misc":{"\u01af\u1edbc t\u00ednh th\u1eddi gian \u0111\u1ecdc":"1 ph\u00fat"},"schema":{"@context":"https:\/\/schema.org","@graph":[{"@type":"WebPage","@id":"https:\/\/trungviettrung.com\/san-pham\/aptomat-dz47le-63-4pc40-bao-ve-chong-ngan-mach-qua-tai-chinh-hang-etot\/","url":"https:\/\/trungviettrung.com\/san-pham\/aptomat-dz47le-63-4pc40-bao-ve-chong-ngan-mach-qua-tai-chinh-hang-etot\/","name":"Aptomat DZ47LE-63 4PC40 b\u1ea3o v\u1ec7 ch\u1ed1ng ng\u1eafn m\u1ea1ch qu\u00e1 t\u1ea3i ch\u00ednh h\u00e3ng - ETOT - trungviettrung.com","isPartOf":{"@id":"https:\/\/trungviettrung.com\/#website"},"primaryImageOfPage":{"@id":"https:\/\/trungviettrung.com\/san-pham\/aptomat-dz47le-63-4pc40-bao-ve-chong-ngan-mach-qua-tai-chinh-hang-etot\/#primaryimage"},"image":{"@id":"https:\/\/trungviettrung.com\/san-pham\/aptomat-dz47le-63-4pc40-bao-ve-chong-ngan-mach-qua-tai-chinh-hang-etot\/#primaryimage"},"thumbnailUrl":"https:\/\/trungviettrung.com\/wp-content\/uploads\/2025\/08\/DSCF0245-scaled-1.jpg","datePublished":"2025-08-16T03:50:42+00:00","dateModified":"2025-08-16T03:53:01+00:00","breadcrumb":{"@id":"https:\/\/trungviettrung.com\/san-pham\/aptomat-dz47le-63-4pc40-bao-ve-chong-ngan-mach-qua-tai-chinh-hang-etot\/#breadcrumb"},"inLanguage":"vi","potentialAction":[{"@type":"ReadAction","target":["https:\/\/trungviettrung.com\/san-pham\/aptomat-dz47le-63-4pc40-bao-ve-chong-ngan-mach-qua-tai-chinh-hang-etot\/"]}]},{"@type":"ImageObject","inLanguage":"vi","@id":"https:\/\/trungviettrung.com\/san-pham\/aptomat-dz47le-63-4pc40-bao-ve-chong-ngan-mach-qua-tai-chinh-hang-etot\/#primaryimage","url":"https:\/\/trungviettrung.com\/wp-content\/uploads\/2025\/08\/DSCF0245-scaled-1.jpg","contentUrl":"https:\/\/trungviettrung.com\/wp-content\/uploads\/2025\/08\/DSCF0245-scaled-1.jpg","width":2560,"height":1707},{"@type":"BreadcrumbList","@id":"https:\/\/trungviettrung.com\/san-pham\/aptomat-dz47le-63-4pc40-bao-ve-chong-ngan-mach-qua-tai-chinh-hang-etot\/#breadcrumb","itemListElement":[{"@type":"ListItem","position":1,"name":"Trang ch\u1ee7","item":"https:\/\/trungviettrung.com\/"},{"@type":"ListItem","position":2,"name":"C\u1eeda h\u00e0ng","item":"https:\/\/trungviettrung.com\/cua-hang\/"},{"@type":"ListItem","position":3,"name":"Aptomat DZ47LE-63 4PC40 b\u1ea3o v\u1ec7 ch\u1ed1ng ng\u1eafn m\u1ea1ch qu\u00e1 t\u1ea3i ch\u00ednh h\u00e3ng &#8211; ETOT"}]},{"@type":"WebSite","@id":"https:\/\/trungviettrung.com\/#website","url":"https:\/\/trungviettrung.com\/","name":"trungviettrung.com","description":"","publisher":{"@id":"https:\/\/trungviettrung.com\/#organization"},"potentialAction":[{"@type":"SearchAction","target":{"@type":"EntryPoint","urlTemplate":"https:\/\/trungviettrung.com\/?s={search_term_string}"},"query-input":{"@type":"PropertyValueSpecification","valueRequired":true,"valueName":"search_term_string"}}],"inLanguage":"vi"},{"@type":"Organization","@id":"https:\/\/trungviettrung.com\/#organization","name":"trungviettrung.com","url":"https:\/\/trungviettrung.com\/","logo":{"@type":"ImageObject","inLanguage":"vi","@id":"https:\/\/trungviettrung.com\/#\/schema\/logo\/image\/","url":"https:\/\/trungviettrung.com\/wp-content\/uploads\/2025\/09\/DAT-hang-NGAY-scaled.png","contentUrl":"https:\/\/trungviettrung.com\/wp-content\/uploads\/2025\/09\/DAT-hang-NGAY-scaled.png","width":2560,"height":2146,"caption":"trungviettrung.com"},"image":{"@id":"https:\/\/trungviettrung.com\/#\/schema\/logo\/image\/"},"sameAs":["https:\/\/www.facebook.com\/tttmtrungviettrung\/","https:\/\/www.youtube.com\/@tttmtrungviettrung"]}]}},"uagb_featured_image_src":{"full":["https:\/\/trungviettrung.com\/wp-content\/uploads\/2025\/08\/DSCF0245-scaled-1.jpg",2560,1707,false],"thumbnail":["https:\/\/trungviettrung.com\/wp-content\/uploads\/2025\/08\/DSCF0245-scaled-1-280x280.jpg",280,280,true],"medium":["https:\/\/trungviettrung.com\/wp-content\/uploads\/2025\/08\/DSCF0245-scaled-1-600x400.jpg",600,400,true],"medium_large":["https:\/\/trungviettrung.com\/wp-content\/uploads\/2025\/08\/DSCF0245-scaled-1-768x512.jpg",768,512,true],"large":["https:\/\/trungviettrung.com\/wp-content\/uploads\/2025\/08\/DSCF0245-scaled-1-1200x800.jpg",1020,680,true],"1536x1536":["https:\/\/trungviettrung.com\/wp-content\/uploads\/2025\/08\/DSCF0245-scaled-1-1536x1024.jpg",1536,1024,true],"2048x2048":["https:\/\/trungviettrung.com\/wp-content\/uploads\/2025\/08\/DSCF0245-scaled-1-2048x1366.jpg",2048,1366,true],"woocommerce_thumbnail":["https:\/\/trungviettrung.com\/wp-content\/uploads\/2025\/08\/DSCF0245-scaled-1-300x300.jpg",300,300,true],"woocommerce_single":["https:\/\/trungviettrung.com\/wp-content\/uploads\/2025\/08\/DSCF0245-scaled-1-600x400.jpg",600,400,true],"woocommerce_gallery_thumbnail":["https:\/\/trungviettrung.com\/wp-content\/uploads\/2025\/08\/DSCF0245-scaled-1-100x100.jpg",100,100,true]},"uagb_author_info":{"display_name":"NOVA","author_link":"https:\/\/trungviettrung.com\/author\/"},"uagb_comment_info":0,"uagb_excerpt":"Th\u00f4ng s\u1ed1 k\u1ef9 thu\u1eadt Aptomat DZ47LE-63 4PC40 Th\u00f4ng s\u1ed1 Chi ti\u1ebft M\u00e3 s\u1ea3n ph\u1ea9m DZ47LE\u201163 4P C40 Lo\u1ea1i thi\u1ebft b\u1ecb Aptomat ch\u1ed1ng r\u00f2 \u0111i\u1ec7n (t\u00edch h\u1ee3p MCB + RCCB) S\u1ed1 c\u1ef1c (Poles) 4P \u2013 b\u1ea3o v\u1ec7 3 pha + trung t\u00ednh (L1, L2, L3, N) D\u00f2ng \u0111i\u1ec7n \u0111\u1ecbnh m\u1ee9c (In) 40A \u0110\u1eb7c tuy\u1ebfn ng\u1eaft (Trip&hellip;","_links":{"self":[{"href":"https:\/\/trungviettrung.com\/wp-json\/wp\/v2\/product\/3221","targetHints":{"allow":["GET"]}}],"collection":[{"href":"https:\/\/trungviettrung.com\/wp-json\/wp\/v2\/product"}],"about":[{"href":"https:\/\/trungviettrung.com\/wp-json\/wp\/v2\/types\/product"}],"replies":[{"embeddable":true,"href":"https:\/\/trungviettrung.com\/wp-json\/wp\/v2\/comments?post=3221"}],"wp:featuredmedia":[{"embeddable":true,"href":"https:\/\/trungviettrung.com\/wp-json\/wp\/v2\/media\/3347"}],"wp:attachment":[{"href":"https:\/\/trungviettrung.com\/wp-json\/wp\/v2\/media?parent=3221"}],"wp:term":[{"taxonomy":"product_brand","embeddable":true,"href":"https:\/\/trungviettrung.com\/wp-json\/wp\/v2\/product_brand?post=3221"},{"taxonomy":"product_cat","embeddable":true,"href":"https:\/\/trungviettrung.com\/wp-json\/wp\/v2\/product_cat?post=3221"},{"taxonomy":"product_tag","embeddable":true,"href":"https:\/\/trungviettrung.com\/wp-json\/wp\/v2\/product_tag?post=3221"}],"curies":[{"name":"wp","href":"https:\/\/api.w.org\/{rel}","templated":true}]}}