{"id":3788,"date":"2025-08-16T03:57:39","date_gmt":"2025-08-16T03:57:39","guid":{"rendered":"https:\/\/trungviettrung.com\/?post_type=product&#038;p=3788"},"modified":"2025-08-16T03:59:45","modified_gmt":"2025-08-16T03:59:45","slug":"uk-753403-chai-xit-duoi-muoi-uyuku-290ml-chiet-xuat-tu-hoa-co-loai-hieu-qua-de-su-dung","status":"publish","type":"product","link":"https:\/\/trungviettrung.com\/san-pham\/uk-753403-chai-xit-duoi-muoi-uyuku-290ml-chiet-xuat-tu-hoa-co-loai-hieu-qua-de-su-dung\/","title":{"rendered":"UK-753403 Chai x\u1ecbt \u0111u\u1ed5i mu\u1ed7i UYUKU 290ml chi\u1ebft xu\u1ea5t t\u1eeb hoa c\u1ecf (lo\u1ea1i hi\u1ec7u qu\u1ea3, d\u1ec5 s\u1eed d\u1ee5ng)."},"content":{"rendered":"<ul>\n<li><b>M\u00e3 s\u1ea3n ph\u1ea9m:<\/b> UK-753403<\/li>\n<li><b>T\u00ean s\u1ea3n ph\u1ea9m:<\/b> Chai x\u1ecbt \u0111u\u1ed5i mu\u1ed7i UYUKU 290ml chi\u1ebft xu\u1ea5t t\u1eeb hoa c\u1ecf (lo\u1ea1i hi\u1ec7u qu\u1ea3, d\u1ec5 s\u1eed d\u1ee5ng).<\/li>\n<li><b>Quy c\u00e1ch s\u1ea3n ph\u1ea9m:<\/b> M\u1ed7i s\u1ea3n ph\u1ea9m c\u00f3 m\u1ed9t m\u00e0u duy nh\u1ea5t, \u0111\u00f3ng trong chai nh\u1ef1a, tr\u1ecdng l\u01b0\u1ee3ng 0.0187 kg.<\/li>\n<li><b>Quy c\u00e1ch \u0111\u00f3ng th\u00f9ng:<\/b> 1 th\u00f9ng ch\u1ee9a 30 chai.<\/li>\n<li><b>S\u1ed1 l\u01b0\u1ee3ng:<\/b> 17298 s\u1ea3n ph\u1ea9m.<\/li>\n<li><b>K\u00edch th\u01b0\u1edbc v\u00e0 tr\u1ecdng l\u01b0\u1ee3ng th\u00f9ng:<\/b> 33 x 27 x 21 cm \/ 10.4 kg.<\/li>\n<\/ul>\n","protected":false},"excerpt":{"rendered":"<ul>\n<li><b>M\u00e3 s\u1ea3n ph\u1ea9m:<\/b> UK-765602<\/li>\n<li><b>T\u00ean s\u1ea3n ph\u1ea9m:<\/b> UYIKU D\u1ee5ng c\u1ee5 massage b\u1eb1ng g\u1ed7 \u0111\u00e0n h\u01b0\u01a1ng v\u00e0ng ch\u1ebf t\u00e1c th\u1ee7 c\u00f4ng theo phong c\u00e1ch c\u1ed5 \u0111i\u1ec3n<\/li>\n<li><b>K\u00edch th\u01b0\u1edbc\/Th\u1ec3 t\u00edch:<\/b> 0.0258 <span class=\"math-inline\"><span class=\"katex\"><span class=\"katex-html\" aria-hidden=\"true\"><span class=\"base\"><span class=\"mord\"><span class=\"mord mathnormal\">m<\/span><span class=\"msupsub\"><span class=\"vlist-t\"><span class=\"vlist-r\"><span class=\"vlist\"><span class=\"\"><span class=\"sizing reset-size6 size3 mtight\"><span class=\"mord mtight\">3<\/span><\/span><\/span><\/span><\/span><\/span><\/span><\/span><\/span><\/span><\/span><\/span><\/li>\n<li><b>S\u1ed1 l\u01b0\u1ee3ng: <\/b>1 th\u00f9ng * 144 chi\u1ebfc<\/li>\n<li><b>K\u00edch th\u01b0\u1edbc th\u00f9ng h\u00e0ng:<\/b> 42*28*22.5 (cm)<\/li>\n<li><b>Tr\u1ecdng l\u01b0\u1ee3ng:<\/b> 5.6KG<\/li>\n<\/ul>\n","protected":false},"featured_media":3892,"comment_status":"open","ping_status":"closed","template":"","meta":{"_uag_custom_page_level_css":""},"product_brand":[128],"product_cat":[127],"product_tag":[],"class_list":{"0":"post-3788","1":"product","2":"type-product","3":"status-publish","4":"has-post-thumbnail","6":"product_brand-yiku","7":"product_cat-yiku","9":"first","10":"instock","11":"shipping-taxable","12":"purchasable","13":"product-type-simple"},"yoast_head":"<!-- This site is optimized with the Yoast SEO plugin v27.3 - https:\/\/yoast.com\/product\/yoast-seo-wordpress\/ -->\n<title>UK-753403 Chai x\u1ecbt \u0111u\u1ed5i mu\u1ed7i UYUKU 290ml chi\u1ebft xu\u1ea5t t\u1eeb hoa c\u1ecf (lo\u1ea1i hi\u1ec7u qu\u1ea3, d\u1ec5 s\u1eed d\u1ee5ng). - trungviettrung.com<\/title>\n<meta name=\"robots\" content=\"index, follow, max-snippet:-1, max-image-preview:large, max-video-preview:-1\" \/>\n<link rel=\"canonical\" href=\"https:\/\/trungviettrung.com\/san-pham\/uk-753403-chai-xit-duoi-muoi-uyuku-290ml-chiet-xuat-tu-hoa-co-loai-hieu-qua-de-su-dung\/\" \/>\n<meta property=\"og:locale\" content=\"vi_VN\" \/>\n<meta property=\"og:type\" content=\"article\" \/>\n<meta property=\"og:title\" content=\"UK-753403 Chai x\u1ecbt \u0111u\u1ed5i mu\u1ed7i UYUKU 290ml chi\u1ebft xu\u1ea5t t\u1eeb hoa c\u1ecf (lo\u1ea1i hi\u1ec7u qu\u1ea3, d\u1ec5 s\u1eed d\u1ee5ng). - trungviettrung.com\" \/>\n<meta property=\"og:description\" content=\"M\u00e3 s\u1ea3n ph\u1ea9m: UK-765602  T\u00ean s\u1ea3n ph\u1ea9m: UYIKU D\u1ee5ng c\u1ee5 massage b\u1eb1ng g\u1ed7 \u0111\u00e0n h\u01b0\u01a1ng v\u00e0ng ch\u1ebf t\u00e1c th\u1ee7 c\u00f4ng theo phong c\u00e1ch c\u1ed5 \u0111i\u1ec3n  K\u00edch th\u01b0\u1edbc\/Th\u1ec3 t\u00edch: 0.0258 m3  S\u1ed1 l\u01b0\u1ee3ng: 1 th\u00f9ng * 144 chi\u1ebfc  K\u00edch th\u01b0\u1edbc th\u00f9ng h\u00e0ng: 42*28*22.5 (cm)  Tr\u1ecdng l\u01b0\u1ee3ng: 5.6KG\" \/>\n<meta property=\"og:url\" content=\"https:\/\/trungviettrung.com\/san-pham\/uk-753403-chai-xit-duoi-muoi-uyuku-290ml-chiet-xuat-tu-hoa-co-loai-hieu-qua-de-su-dung\/\" \/>\n<meta property=\"og:site_name\" content=\"trungviettrung.com\" \/>\n<meta property=\"article:publisher\" content=\"https:\/\/www.facebook.com\/tttmtrungviettrung\/\" \/>\n<meta property=\"article:modified_time\" content=\"2025-08-16T03:59:45+00:00\" \/>\n<meta property=\"og:image\" content=\"https:\/\/trungviettrung.com\/wp-content\/uploads\/2025\/08\/Anh-chup-man-hinh-2025-08-07-091157.png\" \/>\n\t<meta property=\"og:image:width\" content=\"618\" \/>\n\t<meta property=\"og:image:height\" content=\"624\" \/>\n\t<meta property=\"og:image:type\" content=\"image\/png\" \/>\n<meta name=\"twitter:card\" content=\"summary_large_image\" \/>\n<meta name=\"twitter:label1\" content=\"\u01af\u1edbc t\u00ednh th\u1eddi gian \u0111\u1ecdc\" \/>\n\t<meta name=\"twitter:data1\" content=\"1 ph\u00fat\" \/>\n<script type=\"application\/ld+json\" class=\"yoast-schema-graph\">{\"@context\":\"https:\\\/\\\/schema.org\",\"@graph\":[{\"@type\":\"WebPage\",\"@id\":\"https:\\\/\\\/trungviettrung.com\\\/san-pham\\\/uk-753403-chai-xit-duoi-muoi-uyuku-290ml-chiet-xuat-tu-hoa-co-loai-hieu-qua-de-su-dung\\\/\",\"url\":\"https:\\\/\\\/trungviettrung.com\\\/san-pham\\\/uk-753403-chai-xit-duoi-muoi-uyuku-290ml-chiet-xuat-tu-hoa-co-loai-hieu-qua-de-su-dung\\\/\",\"name\":\"UK-753403 Chai x\u1ecbt \u0111u\u1ed5i mu\u1ed7i UYUKU 290ml chi\u1ebft xu\u1ea5t t\u1eeb hoa c\u1ecf (lo\u1ea1i hi\u1ec7u qu\u1ea3, d\u1ec5 s\u1eed d\u1ee5ng). - trungviettrung.com\",\"isPartOf\":{\"@id\":\"https:\\\/\\\/trungviettrung.com\\\/#website\"},\"primaryImageOfPage\":{\"@id\":\"https:\\\/\\\/trungviettrung.com\\\/san-pham\\\/uk-753403-chai-xit-duoi-muoi-uyuku-290ml-chiet-xuat-tu-hoa-co-loai-hieu-qua-de-su-dung\\\/#primaryimage\"},\"image\":{\"@id\":\"https:\\\/\\\/trungviettrung.com\\\/san-pham\\\/uk-753403-chai-xit-duoi-muoi-uyuku-290ml-chiet-xuat-tu-hoa-co-loai-hieu-qua-de-su-dung\\\/#primaryimage\"},\"thumbnailUrl\":\"https:\\\/\\\/trungviettrung.com\\\/wp-content\\\/uploads\\\/2025\\\/08\\\/Anh-chup-man-hinh-2025-08-07-091157.png\",\"datePublished\":\"2025-08-16T03:57:39+00:00\",\"dateModified\":\"2025-08-16T03:59:45+00:00\",\"breadcrumb\":{\"@id\":\"https:\\\/\\\/trungviettrung.com\\\/san-pham\\\/uk-753403-chai-xit-duoi-muoi-uyuku-290ml-chiet-xuat-tu-hoa-co-loai-hieu-qua-de-su-dung\\\/#breadcrumb\"},\"inLanguage\":\"vi\",\"potentialAction\":[{\"@type\":\"ReadAction\",\"target\":[\"https:\\\/\\\/trungviettrung.com\\\/san-pham\\\/uk-753403-chai-xit-duoi-muoi-uyuku-290ml-chiet-xuat-tu-hoa-co-loai-hieu-qua-de-su-dung\\\/\"]}]},{\"@type\":\"ImageObject\",\"inLanguage\":\"vi\",\"@id\":\"https:\\\/\\\/trungviettrung.com\\\/san-pham\\\/uk-753403-chai-xit-duoi-muoi-uyuku-290ml-chiet-xuat-tu-hoa-co-loai-hieu-qua-de-su-dung\\\/#primaryimage\",\"url\":\"https:\\\/\\\/trungviettrung.com\\\/wp-content\\\/uploads\\\/2025\\\/08\\\/Anh-chup-man-hinh-2025-08-07-091157.png\",\"contentUrl\":\"https:\\\/\\\/trungviettrung.com\\\/wp-content\\\/uploads\\\/2025\\\/08\\\/Anh-chup-man-hinh-2025-08-07-091157.png\",\"width\":618,\"height\":624},{\"@type\":\"BreadcrumbList\",\"@id\":\"https:\\\/\\\/trungviettrung.com\\\/san-pham\\\/uk-753403-chai-xit-duoi-muoi-uyuku-290ml-chiet-xuat-tu-hoa-co-loai-hieu-qua-de-su-dung\\\/#breadcrumb\",\"itemListElement\":[{\"@type\":\"ListItem\",\"position\":1,\"name\":\"Trang ch\u1ee7\",\"item\":\"https:\\\/\\\/trungviettrung.com\\\/\"},{\"@type\":\"ListItem\",\"position\":2,\"name\":\"C\u1eeda h\u00e0ng\",\"item\":\"https:\\\/\\\/trungviettrung.com\\\/cua-hang\\\/\"},{\"@type\":\"ListItem\",\"position\":3,\"name\":\"UK-753403 Chai x\u1ecbt \u0111u\u1ed5i mu\u1ed7i UYUKU 290ml chi\u1ebft xu\u1ea5t t\u1eeb hoa c\u1ecf (lo\u1ea1i hi\u1ec7u qu\u1ea3, d\u1ec5 s\u1eed d\u1ee5ng).\"}]},{\"@type\":\"WebSite\",\"@id\":\"https:\\\/\\\/trungviettrung.com\\\/#website\",\"url\":\"https:\\\/\\\/trungviettrung.com\\\/\",\"name\":\"trungviettrung.com\",\"description\":\"\",\"publisher\":{\"@id\":\"https:\\\/\\\/trungviettrung.com\\\/#organization\"},\"potentialAction\":[{\"@type\":\"SearchAction\",\"target\":{\"@type\":\"EntryPoint\",\"urlTemplate\":\"https:\\\/\\\/trungviettrung.com\\\/?s={search_term_string}\"},\"query-input\":{\"@type\":\"PropertyValueSpecification\",\"valueRequired\":true,\"valueName\":\"search_term_string\"}}],\"inLanguage\":\"vi\"},{\"@type\":\"Organization\",\"@id\":\"https:\\\/\\\/trungviettrung.com\\\/#organization\",\"name\":\"trungviettrung.com\",\"url\":\"https:\\\/\\\/trungviettrung.com\\\/\",\"logo\":{\"@type\":\"ImageObject\",\"inLanguage\":\"vi\",\"@id\":\"https:\\\/\\\/trungviettrung.com\\\/#\\\/schema\\\/logo\\\/image\\\/\",\"url\":\"https:\\\/\\\/trungviettrung.com\\\/wp-content\\\/uploads\\\/2025\\\/09\\\/DAT-hang-NGAY-scaled.png\",\"contentUrl\":\"https:\\\/\\\/trungviettrung.com\\\/wp-content\\\/uploads\\\/2025\\\/09\\\/DAT-hang-NGAY-scaled.png\",\"width\":2560,\"height\":2146,\"caption\":\"trungviettrung.com\"},\"image\":{\"@id\":\"https:\\\/\\\/trungviettrung.com\\\/#\\\/schema\\\/logo\\\/image\\\/\"},\"sameAs\":[\"https:\\\/\\\/www.facebook.com\\\/tttmtrungviettrung\\\/\",\"https:\\\/\\\/www.youtube.com\\\/@tttmtrungviettrung\"]}]}<\/script>\n<!-- \/ Yoast SEO plugin. -->","yoast_head_json":{"title":"UK-753403 Chai x\u1ecbt \u0111u\u1ed5i mu\u1ed7i UYUKU 290ml chi\u1ebft xu\u1ea5t t\u1eeb hoa c\u1ecf (lo\u1ea1i hi\u1ec7u qu\u1ea3, d\u1ec5 s\u1eed d\u1ee5ng). - trungviettrung.com","robots":{"index":"index","follow":"follow","max-snippet":"max-snippet:-1","max-image-preview":"max-image-preview:large","max-video-preview":"max-video-preview:-1"},"canonical":"https:\/\/trungviettrung.com\/san-pham\/uk-753403-chai-xit-duoi-muoi-uyuku-290ml-chiet-xuat-tu-hoa-co-loai-hieu-qua-de-su-dung\/","og_locale":"vi_VN","og_type":"article","og_title":"UK-753403 Chai x\u1ecbt \u0111u\u1ed5i mu\u1ed7i UYUKU 290ml chi\u1ebft xu\u1ea5t t\u1eeb hoa c\u1ecf (lo\u1ea1i hi\u1ec7u qu\u1ea3, d\u1ec5 s\u1eed d\u1ee5ng). - trungviettrung.com","og_description":"M\u00e3 s\u1ea3n ph\u1ea9m: UK-765602  T\u00ean s\u1ea3n ph\u1ea9m: UYIKU D\u1ee5ng c\u1ee5 massage b\u1eb1ng g\u1ed7 \u0111\u00e0n h\u01b0\u01a1ng v\u00e0ng ch\u1ebf t\u00e1c th\u1ee7 c\u00f4ng theo phong c\u00e1ch c\u1ed5 \u0111i\u1ec3n  K\u00edch th\u01b0\u1edbc\/Th\u1ec3 t\u00edch: 0.0258 m3  S\u1ed1 l\u01b0\u1ee3ng: 1 th\u00f9ng * 144 chi\u1ebfc  K\u00edch th\u01b0\u1edbc th\u00f9ng h\u00e0ng: 42*28*22.5 (cm)  Tr\u1ecdng l\u01b0\u1ee3ng: 5.6KG","og_url":"https:\/\/trungviettrung.com\/san-pham\/uk-753403-chai-xit-duoi-muoi-uyuku-290ml-chiet-xuat-tu-hoa-co-loai-hieu-qua-de-su-dung\/","og_site_name":"trungviettrung.com","article_publisher":"https:\/\/www.facebook.com\/tttmtrungviettrung\/","article_modified_time":"2025-08-16T03:59:45+00:00","og_image":[{"width":618,"height":624,"url":"https:\/\/trungviettrung.com\/wp-content\/uploads\/2025\/08\/Anh-chup-man-hinh-2025-08-07-091157.png","type":"image\/png"}],"twitter_card":"summary_large_image","twitter_misc":{"\u01af\u1edbc t\u00ednh th\u1eddi gian \u0111\u1ecdc":"1 ph\u00fat"},"schema":{"@context":"https:\/\/schema.org","@graph":[{"@type":"WebPage","@id":"https:\/\/trungviettrung.com\/san-pham\/uk-753403-chai-xit-duoi-muoi-uyuku-290ml-chiet-xuat-tu-hoa-co-loai-hieu-qua-de-su-dung\/","url":"https:\/\/trungviettrung.com\/san-pham\/uk-753403-chai-xit-duoi-muoi-uyuku-290ml-chiet-xuat-tu-hoa-co-loai-hieu-qua-de-su-dung\/","name":"UK-753403 Chai x\u1ecbt \u0111u\u1ed5i mu\u1ed7i UYUKU 290ml chi\u1ebft xu\u1ea5t t\u1eeb hoa c\u1ecf (lo\u1ea1i hi\u1ec7u qu\u1ea3, d\u1ec5 s\u1eed d\u1ee5ng). - trungviettrung.com","isPartOf":{"@id":"https:\/\/trungviettrung.com\/#website"},"primaryImageOfPage":{"@id":"https:\/\/trungviettrung.com\/san-pham\/uk-753403-chai-xit-duoi-muoi-uyuku-290ml-chiet-xuat-tu-hoa-co-loai-hieu-qua-de-su-dung\/#primaryimage"},"image":{"@id":"https:\/\/trungviettrung.com\/san-pham\/uk-753403-chai-xit-duoi-muoi-uyuku-290ml-chiet-xuat-tu-hoa-co-loai-hieu-qua-de-su-dung\/#primaryimage"},"thumbnailUrl":"https:\/\/trungviettrung.com\/wp-content\/uploads\/2025\/08\/Anh-chup-man-hinh-2025-08-07-091157.png","datePublished":"2025-08-16T03:57:39+00:00","dateModified":"2025-08-16T03:59:45+00:00","breadcrumb":{"@id":"https:\/\/trungviettrung.com\/san-pham\/uk-753403-chai-xit-duoi-muoi-uyuku-290ml-chiet-xuat-tu-hoa-co-loai-hieu-qua-de-su-dung\/#breadcrumb"},"inLanguage":"vi","potentialAction":[{"@type":"ReadAction","target":["https:\/\/trungviettrung.com\/san-pham\/uk-753403-chai-xit-duoi-muoi-uyuku-290ml-chiet-xuat-tu-hoa-co-loai-hieu-qua-de-su-dung\/"]}]},{"@type":"ImageObject","inLanguage":"vi","@id":"https:\/\/trungviettrung.com\/san-pham\/uk-753403-chai-xit-duoi-muoi-uyuku-290ml-chiet-xuat-tu-hoa-co-loai-hieu-qua-de-su-dung\/#primaryimage","url":"https:\/\/trungviettrung.com\/wp-content\/uploads\/2025\/08\/Anh-chup-man-hinh-2025-08-07-091157.png","contentUrl":"https:\/\/trungviettrung.com\/wp-content\/uploads\/2025\/08\/Anh-chup-man-hinh-2025-08-07-091157.png","width":618,"height":624},{"@type":"BreadcrumbList","@id":"https:\/\/trungviettrung.com\/san-pham\/uk-753403-chai-xit-duoi-muoi-uyuku-290ml-chiet-xuat-tu-hoa-co-loai-hieu-qua-de-su-dung\/#breadcrumb","itemListElement":[{"@type":"ListItem","position":1,"name":"Trang ch\u1ee7","item":"https:\/\/trungviettrung.com\/"},{"@type":"ListItem","position":2,"name":"C\u1eeda h\u00e0ng","item":"https:\/\/trungviettrung.com\/cua-hang\/"},{"@type":"ListItem","position":3,"name":"UK-753403 Chai x\u1ecbt \u0111u\u1ed5i mu\u1ed7i UYUKU 290ml chi\u1ebft xu\u1ea5t t\u1eeb hoa c\u1ecf (lo\u1ea1i hi\u1ec7u qu\u1ea3, d\u1ec5 s\u1eed d\u1ee5ng)."}]},{"@type":"WebSite","@id":"https:\/\/trungviettrung.com\/#website","url":"https:\/\/trungviettrung.com\/","name":"trungviettrung.com","description":"","publisher":{"@id":"https:\/\/trungviettrung.com\/#organization"},"potentialAction":[{"@type":"SearchAction","target":{"@type":"EntryPoint","urlTemplate":"https:\/\/trungviettrung.com\/?s={search_term_string}"},"query-input":{"@type":"PropertyValueSpecification","valueRequired":true,"valueName":"search_term_string"}}],"inLanguage":"vi"},{"@type":"Organization","@id":"https:\/\/trungviettrung.com\/#organization","name":"trungviettrung.com","url":"https:\/\/trungviettrung.com\/","logo":{"@type":"ImageObject","inLanguage":"vi","@id":"https:\/\/trungviettrung.com\/#\/schema\/logo\/image\/","url":"https:\/\/trungviettrung.com\/wp-content\/uploads\/2025\/09\/DAT-hang-NGAY-scaled.png","contentUrl":"https:\/\/trungviettrung.com\/wp-content\/uploads\/2025\/09\/DAT-hang-NGAY-scaled.png","width":2560,"height":2146,"caption":"trungviettrung.com"},"image":{"@id":"https:\/\/trungviettrung.com\/#\/schema\/logo\/image\/"},"sameAs":["https:\/\/www.facebook.com\/tttmtrungviettrung\/","https:\/\/www.youtube.com\/@tttmtrungviettrung"]}]}},"uagb_featured_image_src":{"full":["https:\/\/trungviettrung.com\/wp-content\/uploads\/2025\/08\/Anh-chup-man-hinh-2025-08-07-091157.png",618,624,false],"thumbnail":["https:\/\/trungviettrung.com\/wp-content\/uploads\/2025\/08\/Anh-chup-man-hinh-2025-08-07-091157-280x280.png",280,280,true],"medium":["https:\/\/trungviettrung.com\/wp-content\/uploads\/2025\/08\/Anh-chup-man-hinh-2025-08-07-091157-396x400.png",396,400,true],"medium_large":["https:\/\/trungviettrung.com\/wp-content\/uploads\/2025\/08\/Anh-chup-man-hinh-2025-08-07-091157.png",618,624,false],"large":["https:\/\/trungviettrung.com\/wp-content\/uploads\/2025\/08\/Anh-chup-man-hinh-2025-08-07-091157.png",618,624,false],"1536x1536":["https:\/\/trungviettrung.com\/wp-content\/uploads\/2025\/08\/Anh-chup-man-hinh-2025-08-07-091157.png",618,624,false],"2048x2048":["https:\/\/trungviettrung.com\/wp-content\/uploads\/2025\/08\/Anh-chup-man-hinh-2025-08-07-091157.png",618,624,false],"woocommerce_thumbnail":["https:\/\/trungviettrung.com\/wp-content\/uploads\/2025\/08\/Anh-chup-man-hinh-2025-08-07-091157-300x300.png",300,300,true],"woocommerce_single":["https:\/\/trungviettrung.com\/wp-content\/uploads\/2025\/08\/Anh-chup-man-hinh-2025-08-07-091157-600x606.png",600,606,true],"woocommerce_gallery_thumbnail":["https:\/\/trungviettrung.com\/wp-content\/uploads\/2025\/08\/Anh-chup-man-hinh-2025-08-07-091157-100x100.png",100,100,true]},"uagb_author_info":{"display_name":"NOVA","author_link":"https:\/\/trungviettrung.com\/author\/"},"uagb_comment_info":0,"uagb_excerpt":"M\u00e3 s\u1ea3n ph\u1ea9m: UK-765602 T\u00ean s\u1ea3n ph\u1ea9m: UYIKU D\u1ee5ng c\u1ee5 massage b\u1eb1ng g\u1ed7 \u0111\u00e0n h\u01b0\u01a1ng v\u00e0ng ch\u1ebf t\u00e1c th\u1ee7 c\u00f4ng theo phong c\u00e1ch c\u1ed5 \u0111i\u1ec3n K\u00edch th\u01b0\u1edbc\/Th\u1ec3 t\u00edch: 0.0258 m3 S\u1ed1 l\u01b0\u1ee3ng: 1 th\u00f9ng * 144 chi\u1ebfc K\u00edch th\u01b0\u1edbc th\u00f9ng h\u00e0ng: 42*28*22.5 (cm) Tr\u1ecdng l\u01b0\u1ee3ng: 5.6KG","_links":{"self":[{"href":"https:\/\/trungviettrung.com\/wp-json\/wp\/v2\/product\/3788","targetHints":{"allow":["GET"]}}],"collection":[{"href":"https:\/\/trungviettrung.com\/wp-json\/wp\/v2\/product"}],"about":[{"href":"https:\/\/trungviettrung.com\/wp-json\/wp\/v2\/types\/product"}],"replies":[{"embeddable":true,"href":"https:\/\/trungviettrung.com\/wp-json\/wp\/v2\/comments?post=3788"}],"wp:featuredmedia":[{"embeddable":true,"href":"https:\/\/trungviettrung.com\/wp-json\/wp\/v2\/media\/3892"}],"wp:attachment":[{"href":"https:\/\/trungviettrung.com\/wp-json\/wp\/v2\/media?parent=3788"}],"wp:term":[{"taxonomy":"product_brand","embeddable":true,"href":"https:\/\/trungviettrung.com\/wp-json\/wp\/v2\/product_brand?post=3788"},{"taxonomy":"product_cat","embeddable":true,"href":"https:\/\/trungviettrung.com\/wp-json\/wp\/v2\/product_cat?post=3788"},{"taxonomy":"product_tag","embeddable":true,"href":"https:\/\/trungviettrung.com\/wp-json\/wp\/v2\/product_tag?post=3788"}],"curies":[{"name":"wp","href":"https:\/\/api.w.org\/{rel}","templated":true}]}}