{"id":4403,"date":"2025-08-16T04:12:30","date_gmt":"2025-08-16T04:12:30","guid":{"rendered":"https:\/\/trungviettrung.com\/?post_type=product&#038;p=4403"},"modified":"2025-08-16T04:13:54","modified_gmt":"2025-08-16T04:13:54","slug":"bo-dung-cu-nha-bep-677","status":"publish","type":"product","link":"https:\/\/trungviettrung.com\/san-pham\/bo-dung-cu-nha-bep-677\/","title":{"rendered":"B\u1ed9 d\u1ee5ng c\u1ee5 nh\u00e0 b\u1ebfp 677"},"content":{"rendered":"<ul data-hveid=\"CAwQAQ\" data-ved=\"2ahUKEwji6P_67YSPAxUh1TgGHbnJL-QQm_YKegQIDBAB\">\n<li><span data-huuid=\"10554745217662132444\">B\u1ed9 s\u1ea3n ph\u1ea9m \u0111\u01b0\u1ee3c \u0111\u00f3ng g\u00f3i trong v\u1ec9 nh\u1ef1a trong su\u1ed1t.<\/span><\/li>\n<li><span data-huuid=\"10554745217662135594\">Chi\u1ebfc n\u1ea1o\/b\u00e0o c\u00f3 m\u00e0u xanh l\u00e1 c\u00e2y n\u1ed5i b\u1eadt.<\/span><\/li>\n<li><span data-huuid=\"10554745217662134648\">C\u00e1c d\u1ee5ng c\u1ee5 c\u00f2n l\u1ea1i c\u00f3 tay c\u1ea7m m\u00e0u xanh l\u00e1 v\u00e0 t\u00edm.<\/span><\/li>\n<li><span data-huuid=\"10554745217662133702\">Kh\u00f4ng c\u00f3 \u0111\u1ee7 th\u00f4ng tin \u0111\u1ec3 x\u00e1c \u0111\u1ecbnh th\u01b0\u01a1ng hi\u1ec7u ho\u1eb7c v\u1eadt li\u1ec7u ch\u00ednh x\u00e1c c\u1ee7a s\u1ea3n ph\u1ea9m.<\/span><\/li>\n<\/ul>\n","protected":false},"excerpt":{"rendered":"<p>B\u1ed9 s\u1ea3n ph\u1ea9m \u0111\u01b0\u1ee3c \u0111\u00f3ng g\u00f3i trong v\u1ec9 nh\u1ef1a trong su\u1ed1t. Chi\u1ebfc n\u1ea1o\/b\u00e0o c\u00f3 m\u00e0u xanh l\u00e1 c\u00e2y n\u1ed5i b\u1eadt. C\u00e1c d\u1ee5ng c\u1ee5 c\u00f2n l\u1ea1i c\u00f3 tay c\u1ea7m m\u00e0u xanh l\u00e1 v\u00e0 t\u00edm. Kh\u00f4ng c\u00f3 \u0111\u1ee7 th\u00f4ng tin \u0111\u1ec3 x\u00e1c \u0111\u1ecbnh th\u01b0\u01a1ng hi\u1ec7u ho\u1eb7c v\u1eadt li\u1ec7u ch\u00ednh x\u00e1c c\u1ee7a s\u1ea3n ph\u1ea9m.<\/p>\n","protected":false},"featured_media":4473,"comment_status":"open","ping_status":"closed","template":"","meta":{"_uag_custom_page_level_css":""},"product_brand":[134],"product_cat":[132],"product_tag":[],"class_list":{"0":"post-4403","1":"product","2":"type-product","3":"status-publish","4":"has-post-thumbnail","6":"product_brand-ngu-kim","7":"product_cat-ngu-kim","9":"first","10":"instock","11":"shipping-taxable","12":"purchasable","13":"product-type-simple"},"yoast_head":"<!-- This site is optimized with the Yoast SEO plugin v27.3 - https:\/\/yoast.com\/product\/yoast-seo-wordpress\/ -->\n<title>B\u1ed9 d\u1ee5ng c\u1ee5 nh\u00e0 b\u1ebfp 677 - trungviettrung.com<\/title>\n<meta name=\"robots\" content=\"index, follow, max-snippet:-1, max-image-preview:large, max-video-preview:-1\" \/>\n<link rel=\"canonical\" href=\"https:\/\/trungviettrung.com\/san-pham\/bo-dung-cu-nha-bep-677\/\" \/>\n<meta property=\"og:locale\" content=\"vi_VN\" \/>\n<meta property=\"og:type\" content=\"article\" \/>\n<meta property=\"og:title\" content=\"B\u1ed9 d\u1ee5ng c\u1ee5 nh\u00e0 b\u1ebfp 677 - trungviettrung.com\" \/>\n<meta property=\"og:description\" content=\"B\u1ed9 s\u1ea3n ph\u1ea9m \u0111\u01b0\u1ee3c \u0111\u00f3ng g\u00f3i trong v\u1ec9 nh\u1ef1a trong su\u1ed1t. Chi\u1ebfc n\u1ea1o\/b\u00e0o c\u00f3 m\u00e0u xanh l\u00e1 c\u00e2y n\u1ed5i b\u1eadt. C\u00e1c d\u1ee5ng c\u1ee5 c\u00f2n l\u1ea1i c\u00f3 tay c\u1ea7m m\u00e0u xanh l\u00e1 v\u00e0 t\u00edm. Kh\u00f4ng c\u00f3 \u0111\u1ee7 th\u00f4ng tin \u0111\u1ec3 x\u00e1c \u0111\u1ecbnh th\u01b0\u01a1ng hi\u1ec7u ho\u1eb7c v\u1eadt li\u1ec7u ch\u00ednh x\u00e1c c\u1ee7a s\u1ea3n ph\u1ea9m.\" \/>\n<meta property=\"og:url\" content=\"https:\/\/trungviettrung.com\/san-pham\/bo-dung-cu-nha-bep-677\/\" \/>\n<meta property=\"og:site_name\" content=\"trungviettrung.com\" \/>\n<meta property=\"article:publisher\" content=\"https:\/\/www.facebook.com\/tttmtrungviettrung\/\" \/>\n<meta property=\"article:modified_time\" content=\"2025-08-16T04:13:54+00:00\" \/>\n<meta property=\"og:image\" content=\"https:\/\/trungviettrung.com\/wp-content\/uploads\/2025\/08\/Anh-chup-man-hinh-2025-08-12-153131.png\" \/>\n\t<meta property=\"og:image:width\" content=\"720\" \/>\n\t<meta property=\"og:image:height\" content=\"603\" \/>\n\t<meta property=\"og:image:type\" content=\"image\/png\" \/>\n<meta name=\"twitter:card\" content=\"summary_large_image\" \/>\n<script type=\"application\/ld+json\" class=\"yoast-schema-graph\">{\"@context\":\"https:\\\/\\\/schema.org\",\"@graph\":[{\"@type\":\"WebPage\",\"@id\":\"https:\\\/\\\/trungviettrung.com\\\/san-pham\\\/bo-dung-cu-nha-bep-677\\\/\",\"url\":\"https:\\\/\\\/trungviettrung.com\\\/san-pham\\\/bo-dung-cu-nha-bep-677\\\/\",\"name\":\"B\u1ed9 d\u1ee5ng c\u1ee5 nh\u00e0 b\u1ebfp 677 - trungviettrung.com\",\"isPartOf\":{\"@id\":\"https:\\\/\\\/trungviettrung.com\\\/#website\"},\"primaryImageOfPage\":{\"@id\":\"https:\\\/\\\/trungviettrung.com\\\/san-pham\\\/bo-dung-cu-nha-bep-677\\\/#primaryimage\"},\"image\":{\"@id\":\"https:\\\/\\\/trungviettrung.com\\\/san-pham\\\/bo-dung-cu-nha-bep-677\\\/#primaryimage\"},\"thumbnailUrl\":\"https:\\\/\\\/trungviettrung.com\\\/wp-content\\\/uploads\\\/2025\\\/08\\\/Anh-chup-man-hinh-2025-08-12-153131.png\",\"datePublished\":\"2025-08-16T04:12:30+00:00\",\"dateModified\":\"2025-08-16T04:13:54+00:00\",\"breadcrumb\":{\"@id\":\"https:\\\/\\\/trungviettrung.com\\\/san-pham\\\/bo-dung-cu-nha-bep-677\\\/#breadcrumb\"},\"inLanguage\":\"vi\",\"potentialAction\":[{\"@type\":\"ReadAction\",\"target\":[\"https:\\\/\\\/trungviettrung.com\\\/san-pham\\\/bo-dung-cu-nha-bep-677\\\/\"]}]},{\"@type\":\"ImageObject\",\"inLanguage\":\"vi\",\"@id\":\"https:\\\/\\\/trungviettrung.com\\\/san-pham\\\/bo-dung-cu-nha-bep-677\\\/#primaryimage\",\"url\":\"https:\\\/\\\/trungviettrung.com\\\/wp-content\\\/uploads\\\/2025\\\/08\\\/Anh-chup-man-hinh-2025-08-12-153131.png\",\"contentUrl\":\"https:\\\/\\\/trungviettrung.com\\\/wp-content\\\/uploads\\\/2025\\\/08\\\/Anh-chup-man-hinh-2025-08-12-153131.png\",\"width\":720,\"height\":603},{\"@type\":\"BreadcrumbList\",\"@id\":\"https:\\\/\\\/trungviettrung.com\\\/san-pham\\\/bo-dung-cu-nha-bep-677\\\/#breadcrumb\",\"itemListElement\":[{\"@type\":\"ListItem\",\"position\":1,\"name\":\"Trang ch\u1ee7\",\"item\":\"https:\\\/\\\/trungviettrung.com\\\/\"},{\"@type\":\"ListItem\",\"position\":2,\"name\":\"C\u1eeda h\u00e0ng\",\"item\":\"https:\\\/\\\/trungviettrung.com\\\/cua-hang\\\/\"},{\"@type\":\"ListItem\",\"position\":3,\"name\":\"B\u1ed9 d\u1ee5ng c\u1ee5 nh\u00e0 b\u1ebfp 677\"}]},{\"@type\":\"WebSite\",\"@id\":\"https:\\\/\\\/trungviettrung.com\\\/#website\",\"url\":\"https:\\\/\\\/trungviettrung.com\\\/\",\"name\":\"trungviettrung.com\",\"description\":\"\",\"publisher\":{\"@id\":\"https:\\\/\\\/trungviettrung.com\\\/#organization\"},\"potentialAction\":[{\"@type\":\"SearchAction\",\"target\":{\"@type\":\"EntryPoint\",\"urlTemplate\":\"https:\\\/\\\/trungviettrung.com\\\/?s={search_term_string}\"},\"query-input\":{\"@type\":\"PropertyValueSpecification\",\"valueRequired\":true,\"valueName\":\"search_term_string\"}}],\"inLanguage\":\"vi\"},{\"@type\":\"Organization\",\"@id\":\"https:\\\/\\\/trungviettrung.com\\\/#organization\",\"name\":\"trungviettrung.com\",\"url\":\"https:\\\/\\\/trungviettrung.com\\\/\",\"logo\":{\"@type\":\"ImageObject\",\"inLanguage\":\"vi\",\"@id\":\"https:\\\/\\\/trungviettrung.com\\\/#\\\/schema\\\/logo\\\/image\\\/\",\"url\":\"https:\\\/\\\/trungviettrung.com\\\/wp-content\\\/uploads\\\/2025\\\/09\\\/DAT-hang-NGAY-scaled.png\",\"contentUrl\":\"https:\\\/\\\/trungviettrung.com\\\/wp-content\\\/uploads\\\/2025\\\/09\\\/DAT-hang-NGAY-scaled.png\",\"width\":2560,\"height\":2146,\"caption\":\"trungviettrung.com\"},\"image\":{\"@id\":\"https:\\\/\\\/trungviettrung.com\\\/#\\\/schema\\\/logo\\\/image\\\/\"},\"sameAs\":[\"https:\\\/\\\/www.facebook.com\\\/tttmtrungviettrung\\\/\",\"https:\\\/\\\/www.youtube.com\\\/@tttmtrungviettrung\"]}]}<\/script>\n<!-- \/ Yoast SEO plugin. -->","yoast_head_json":{"title":"B\u1ed9 d\u1ee5ng c\u1ee5 nh\u00e0 b\u1ebfp 677 - trungviettrung.com","robots":{"index":"index","follow":"follow","max-snippet":"max-snippet:-1","max-image-preview":"max-image-preview:large","max-video-preview":"max-video-preview:-1"},"canonical":"https:\/\/trungviettrung.com\/san-pham\/bo-dung-cu-nha-bep-677\/","og_locale":"vi_VN","og_type":"article","og_title":"B\u1ed9 d\u1ee5ng c\u1ee5 nh\u00e0 b\u1ebfp 677 - trungviettrung.com","og_description":"B\u1ed9 s\u1ea3n ph\u1ea9m \u0111\u01b0\u1ee3c \u0111\u00f3ng g\u00f3i trong v\u1ec9 nh\u1ef1a trong su\u1ed1t. Chi\u1ebfc n\u1ea1o\/b\u00e0o c\u00f3 m\u00e0u xanh l\u00e1 c\u00e2y n\u1ed5i b\u1eadt. C\u00e1c d\u1ee5ng c\u1ee5 c\u00f2n l\u1ea1i c\u00f3 tay c\u1ea7m m\u00e0u xanh l\u00e1 v\u00e0 t\u00edm. Kh\u00f4ng c\u00f3 \u0111\u1ee7 th\u00f4ng tin \u0111\u1ec3 x\u00e1c \u0111\u1ecbnh th\u01b0\u01a1ng hi\u1ec7u ho\u1eb7c v\u1eadt li\u1ec7u ch\u00ednh x\u00e1c c\u1ee7a s\u1ea3n ph\u1ea9m.","og_url":"https:\/\/trungviettrung.com\/san-pham\/bo-dung-cu-nha-bep-677\/","og_site_name":"trungviettrung.com","article_publisher":"https:\/\/www.facebook.com\/tttmtrungviettrung\/","article_modified_time":"2025-08-16T04:13:54+00:00","og_image":[{"width":720,"height":603,"url":"https:\/\/trungviettrung.com\/wp-content\/uploads\/2025\/08\/Anh-chup-man-hinh-2025-08-12-153131.png","type":"image\/png"}],"twitter_card":"summary_large_image","schema":{"@context":"https:\/\/schema.org","@graph":[{"@type":"WebPage","@id":"https:\/\/trungviettrung.com\/san-pham\/bo-dung-cu-nha-bep-677\/","url":"https:\/\/trungviettrung.com\/san-pham\/bo-dung-cu-nha-bep-677\/","name":"B\u1ed9 d\u1ee5ng c\u1ee5 nh\u00e0 b\u1ebfp 677 - trungviettrung.com","isPartOf":{"@id":"https:\/\/trungviettrung.com\/#website"},"primaryImageOfPage":{"@id":"https:\/\/trungviettrung.com\/san-pham\/bo-dung-cu-nha-bep-677\/#primaryimage"},"image":{"@id":"https:\/\/trungviettrung.com\/san-pham\/bo-dung-cu-nha-bep-677\/#primaryimage"},"thumbnailUrl":"https:\/\/trungviettrung.com\/wp-content\/uploads\/2025\/08\/Anh-chup-man-hinh-2025-08-12-153131.png","datePublished":"2025-08-16T04:12:30+00:00","dateModified":"2025-08-16T04:13:54+00:00","breadcrumb":{"@id":"https:\/\/trungviettrung.com\/san-pham\/bo-dung-cu-nha-bep-677\/#breadcrumb"},"inLanguage":"vi","potentialAction":[{"@type":"ReadAction","target":["https:\/\/trungviettrung.com\/san-pham\/bo-dung-cu-nha-bep-677\/"]}]},{"@type":"ImageObject","inLanguage":"vi","@id":"https:\/\/trungviettrung.com\/san-pham\/bo-dung-cu-nha-bep-677\/#primaryimage","url":"https:\/\/trungviettrung.com\/wp-content\/uploads\/2025\/08\/Anh-chup-man-hinh-2025-08-12-153131.png","contentUrl":"https:\/\/trungviettrung.com\/wp-content\/uploads\/2025\/08\/Anh-chup-man-hinh-2025-08-12-153131.png","width":720,"height":603},{"@type":"BreadcrumbList","@id":"https:\/\/trungviettrung.com\/san-pham\/bo-dung-cu-nha-bep-677\/#breadcrumb","itemListElement":[{"@type":"ListItem","position":1,"name":"Trang ch\u1ee7","item":"https:\/\/trungviettrung.com\/"},{"@type":"ListItem","position":2,"name":"C\u1eeda h\u00e0ng","item":"https:\/\/trungviettrung.com\/cua-hang\/"},{"@type":"ListItem","position":3,"name":"B\u1ed9 d\u1ee5ng c\u1ee5 nh\u00e0 b\u1ebfp 677"}]},{"@type":"WebSite","@id":"https:\/\/trungviettrung.com\/#website","url":"https:\/\/trungviettrung.com\/","name":"trungviettrung.com","description":"","publisher":{"@id":"https:\/\/trungviettrung.com\/#organization"},"potentialAction":[{"@type":"SearchAction","target":{"@type":"EntryPoint","urlTemplate":"https:\/\/trungviettrung.com\/?s={search_term_string}"},"query-input":{"@type":"PropertyValueSpecification","valueRequired":true,"valueName":"search_term_string"}}],"inLanguage":"vi"},{"@type":"Organization","@id":"https:\/\/trungviettrung.com\/#organization","name":"trungviettrung.com","url":"https:\/\/trungviettrung.com\/","logo":{"@type":"ImageObject","inLanguage":"vi","@id":"https:\/\/trungviettrung.com\/#\/schema\/logo\/image\/","url":"https:\/\/trungviettrung.com\/wp-content\/uploads\/2025\/09\/DAT-hang-NGAY-scaled.png","contentUrl":"https:\/\/trungviettrung.com\/wp-content\/uploads\/2025\/09\/DAT-hang-NGAY-scaled.png","width":2560,"height":2146,"caption":"trungviettrung.com"},"image":{"@id":"https:\/\/trungviettrung.com\/#\/schema\/logo\/image\/"},"sameAs":["https:\/\/www.facebook.com\/tttmtrungviettrung\/","https:\/\/www.youtube.com\/@tttmtrungviettrung"]}]}},"uagb_featured_image_src":{"full":["https:\/\/trungviettrung.com\/wp-content\/uploads\/2025\/08\/Anh-chup-man-hinh-2025-08-12-153131.png",720,603,false],"thumbnail":["https:\/\/trungviettrung.com\/wp-content\/uploads\/2025\/08\/Anh-chup-man-hinh-2025-08-12-153131-280x280.png",280,280,true],"medium":["https:\/\/trungviettrung.com\/wp-content\/uploads\/2025\/08\/Anh-chup-man-hinh-2025-08-12-153131-478x400.png",478,400,true],"medium_large":["https:\/\/trungviettrung.com\/wp-content\/uploads\/2025\/08\/Anh-chup-man-hinh-2025-08-12-153131.png",720,603,false],"large":["https:\/\/trungviettrung.com\/wp-content\/uploads\/2025\/08\/Anh-chup-man-hinh-2025-08-12-153131.png",720,603,false],"1536x1536":["https:\/\/trungviettrung.com\/wp-content\/uploads\/2025\/08\/Anh-chup-man-hinh-2025-08-12-153131.png",720,603,false],"2048x2048":["https:\/\/trungviettrung.com\/wp-content\/uploads\/2025\/08\/Anh-chup-man-hinh-2025-08-12-153131.png",720,603,false],"woocommerce_thumbnail":["https:\/\/trungviettrung.com\/wp-content\/uploads\/2025\/08\/Anh-chup-man-hinh-2025-08-12-153131-300x300.png",300,300,true],"woocommerce_single":["https:\/\/trungviettrung.com\/wp-content\/uploads\/2025\/08\/Anh-chup-man-hinh-2025-08-12-153131-600x503.png",600,503,true],"woocommerce_gallery_thumbnail":["https:\/\/trungviettrung.com\/wp-content\/uploads\/2025\/08\/Anh-chup-man-hinh-2025-08-12-153131-100x100.png",100,100,true]},"uagb_author_info":{"display_name":"NOVA","author_link":"https:\/\/trungviettrung.com\/author\/"},"uagb_comment_info":0,"uagb_excerpt":"B\u1ed9 s\u1ea3n ph\u1ea9m \u0111\u01b0\u1ee3c \u0111\u00f3ng g\u00f3i trong v\u1ec9 nh\u1ef1a trong su\u1ed1t. Chi\u1ebfc n\u1ea1o\/b\u00e0o c\u00f3 m\u00e0u xanh l\u00e1 c\u00e2y n\u1ed5i b\u1eadt. C\u00e1c d\u1ee5ng c\u1ee5 c\u00f2n l\u1ea1i c\u00f3 tay c\u1ea7m m\u00e0u xanh l\u00e1 v\u00e0 t\u00edm. Kh\u00f4ng c\u00f3 \u0111\u1ee7 th\u00f4ng tin \u0111\u1ec3 x\u00e1c \u0111\u1ecbnh th\u01b0\u01a1ng hi\u1ec7u ho\u1eb7c v\u1eadt li\u1ec7u ch\u00ednh x\u00e1c c\u1ee7a s\u1ea3n ph\u1ea9m.","_links":{"self":[{"href":"https:\/\/trungviettrung.com\/wp-json\/wp\/v2\/product\/4403","targetHints":{"allow":["GET"]}}],"collection":[{"href":"https:\/\/trungviettrung.com\/wp-json\/wp\/v2\/product"}],"about":[{"href":"https:\/\/trungviettrung.com\/wp-json\/wp\/v2\/types\/product"}],"replies":[{"embeddable":true,"href":"https:\/\/trungviettrung.com\/wp-json\/wp\/v2\/comments?post=4403"}],"wp:featuredmedia":[{"embeddable":true,"href":"https:\/\/trungviettrung.com\/wp-json\/wp\/v2\/media\/4473"}],"wp:attachment":[{"href":"https:\/\/trungviettrung.com\/wp-json\/wp\/v2\/media?parent=4403"}],"wp:term":[{"taxonomy":"product_brand","embeddable":true,"href":"https:\/\/trungviettrung.com\/wp-json\/wp\/v2\/product_brand?post=4403"},{"taxonomy":"product_cat","embeddable":true,"href":"https:\/\/trungviettrung.com\/wp-json\/wp\/v2\/product_cat?post=4403"},{"taxonomy":"product_tag","embeddable":true,"href":"https:\/\/trungviettrung.com\/wp-json\/wp\/v2\/product_tag?post=4403"}],"curies":[{"name":"wp","href":"https:\/\/api.w.org\/{rel}","templated":true}]}}