{"id":4406,"date":"2025-08-16T04:12:30","date_gmt":"2025-08-16T04:12:30","guid":{"rendered":"https:\/\/trungviettrung.com\/?post_type=product&#038;p=4406"},"modified":"2025-08-16T04:13:56","modified_gmt":"2025-08-16T04:13:56","slug":"bo-dung-cu-nha-bep-699","status":"publish","type":"product","link":"https:\/\/trungviettrung.com\/san-pham\/bo-dung-cu-nha-bep-699\/","title":{"rendered":"B\u1ed9 d\u1ee5ng c\u1ee5 nh\u00e0 b\u1ebfp 699"},"content":{"rendered":"<ul data-hveid=\"CB4QAQ\" data-ved=\"2ahUKEwjdzq-974SPAxVCumMGHYqpE7IQm_YKegQIHhAB\">\n<li class=\"K3KsMc\">\n<div class=\"zMgcWd dSKvsb\" data-il=\"\">\n<div data-crb-p=\"\">\n<div class=\"xFTqob\">\n<div class=\"Gur8Ad\"><span data-huuid=\"12904771095807336833\"><strong>Ch\u1ea5t li\u1ec7u:<\/strong><\/span><\/div>\n<div class=\"vM0jzc\"><span data-huuid=\"12904771095807340114\">\u0110\u01b0\u1ee3c l\u00e0m t\u1eeb th\u00e9p kh\u00f4ng g\u1ec9 b\u1ec1n, \u0111\u1ea3m b\u1ea3o \u0111\u1ed9 b\u1ec1n v\u00e0 kh\u1ea3 n\u0103ng ch\u1ed1ng g\u1ec9 s\u00e9t, \u0103n m\u00f2n.<span class=\"pjBG2e\" data-cid=\"a9a90ab4-109e-4122-88ea-89e198b11614\"><span class=\"UV3uM\">\u00a0<\/span><\/span><\/span><\/p>\n<div class=\"NPrrbc\" data-cid=\"a9a90ab4-109e-4122-88ea-89e198b11614\" data-uuids=\"12904771095807336833,12904771095807340114\">\n<div class=\"BMebGe btku5b fCrZyc LwdV0e FR7ZSc qVhvac OJeuxf\" role=\"button\" aria-label=\"Xem c\u00e1c \u0111\u01b0\u1eddng li\u00ean k\u1ebft c\u00f3 li\u00ean quan\" data-hveid=\"CBkQAQ\" data-ved=\"2ahUKEwjdzq-974SPAxVCumMGHYqpE7IQ3fYKegQIGRAB\">\n<div class=\"niO4u\">\n<div class=\"kHtcsd\"><\/div>\n<\/div>\n<\/div>\n<\/div>\n<\/div>\n<\/div>\n<\/div>\n<\/div>\n<\/li>\n<li class=\"K3KsMc\">\n<div class=\"zMgcWd dSKvsb\" data-il=\"\">\n<div data-crb-p=\"\">\n<div class=\"xFTqob\">\n<div class=\"Gur8Ad\"><span data-huuid=\"12904771095807338484\"><strong>Thi\u1ebft k\u1ebf:<\/strong><\/span><\/div>\n<div class=\"vM0jzc\"><span data-huuid=\"12904771095807337669\">Thi\u1ebft k\u1ebf ti\u1ec7n d\u1ee5ng mang l\u1ea1i c\u1ea3m gi\u00e1c c\u1ea7m n\u1eafm tho\u1ea3i m\u00e1i, gi\u00fap vi\u1ec7c n\u1ea5u n\u01b0\u1edbng v\u00e0 ph\u1ee5c v\u1ee5 d\u1ec5 d\u00e0ng h\u01a1n.<span class=\"pjBG2e\" data-cid=\"e435a873-f54c-44a2-b7dc-bff4b0aa32ab\"><span class=\"UV3uM\">\u00a0<\/span><\/span><\/span><\/p>\n<div class=\"NPrrbc\" data-cid=\"e435a873-f54c-44a2-b7dc-bff4b0aa32ab\" data-uuids=\"12904771095807338484,12904771095807337669\">\n<div class=\"BMebGe btku5b fCrZyc LwdV0e FR7ZSc qVhvac OJeuxf\" role=\"button\" aria-label=\"Xem c\u00e1c \u0111\u01b0\u1eddng li\u00ean k\u1ebft c\u00f3 li\u00ean quan\" data-hveid=\"CBQQAQ\" data-ved=\"2ahUKEwjdzq-974SPAxVCumMGHYqpE7IQ3fYKegQIFBAB\">\n<div class=\"niO4u\">\n<div class=\"kHtcsd\"><\/div>\n<\/div>\n<\/div>\n<\/div>\n<\/div>\n<\/div>\n<\/div>\n<\/div>\n<\/li>\n<li class=\"K3KsMc\">\n<div class=\"zMgcWd dSKvsb\" data-il=\"\">\n<div data-crb-p=\"\">\n<div class=\"xFTqob\">\n<div class=\"Gur8Ad\"><span data-huuid=\"12904771095807340135\"><strong>T\u00ednh n\u0103ng:<\/strong><\/span><\/div>\n<div class=\"vM0jzc\"><span data-huuid=\"12904771095807339320\">\u0110a n\u0103ng, ph\u00f9 h\u1ee3p cho nhi\u1ec1u c\u00f4ng vi\u1ec7c n\u1ea5u n\u01b0\u1edbng kh\u00e1c nhau, t\u1eeb ph\u1ee5c v\u1ee5 \u0111\u1ebfn tr\u1ed9n.<span class=\"pjBG2e\" data-cid=\"0ff861e8-b6e9-462b-91a5-b45d2351e613\"><span class=\"UV3uM\">\u00a0<\/span><\/span><\/span><\/p>\n<div class=\"NPrrbc\" data-cid=\"0ff861e8-b6e9-462b-91a5-b45d2351e613\" data-uuids=\"12904771095807340135,12904771095807339320\">\n<div class=\"BMebGe btku5b fCrZyc LwdV0e FR7ZSc qVhvac OJeuxf\" role=\"button\" aria-label=\"Xem c\u00e1c \u0111\u01b0\u1eddng li\u00ean k\u1ebft c\u00f3 li\u00ean quan\" data-hveid=\"CBcQAQ\" data-ved=\"2ahUKEwjdzq-974SPAxVCumMGHYqpE7IQ3fYKegQIFxAB\">\n<div class=\"niO4u\">\n<div class=\"kHtcsd\"><\/div>\n<\/div>\n<\/div>\n<\/div>\n<\/div>\n<\/div>\n<\/div>\n<\/div>\n<\/li>\n<li class=\"K3KsMc\">\n<div class=\"zMgcWd dSKvsb\" data-il=\"\">\n<div data-crb-p=\"\">\n<div class=\"xFTqob\">\n<div class=\"Gur8Ad\"><span data-huuid=\"12904771095807337690\"><strong>\u0110\u1ed1i t\u01b0\u1ee3ng s\u1eed d\u1ee5ng:<\/strong><\/span><\/div>\n<div class=\"vM0jzc\"><span data-huuid=\"12904771095807336875\">L\u00fd t\u01b0\u1edfng cho c\u1ea3 \u0111\u1ea7u b\u1ebfp t\u1ea1i gia v\u00e0 \u0111\u1ea7u b\u1ebfp chuy\u00ean nghi\u1ec7p.<span class=\"pjBG2e\" data-cid=\"1d54aec5-8370-486a-b438-05e05ef0b12d\"><span class=\"UV3uM\">\u00a0<\/span><\/span><\/span><\/p>\n<div class=\"NPrrbc\" data-cid=\"1d54aec5-8370-486a-b438-05e05ef0b12d\" data-uuids=\"12904771095807337690,12904771095807336875\">\n<div class=\"BMebGe btku5b fCrZyc LwdV0e FR7ZSc qVhvac OJeuxf\" role=\"button\" aria-label=\"Xem c\u00e1c \u0111\u01b0\u1eddng li\u00ean k\u1ebft c\u00f3 li\u00ean quan\" data-hveid=\"CA0QAQ\" data-ved=\"2ahUKEwjdzq-974SPAxVCumMGHYqpE7IQ3fYKegQIDRAB\">\n<div class=\"niO4u\">\n<div class=\"kHtcsd\"><\/div>\n<\/div>\n<\/div>\n<\/div>\n<\/div>\n<\/div>\n<\/div>\n<\/div>\n<\/li>\n<li class=\"K3KsMc\">\n<div class=\"zMgcWd dSKvsb\" data-il=\"\">\n<div data-crb-p=\"\">\n<div class=\"xFTqob\">\n<div class=\"Gur8Ad\"><span data-huuid=\"12904771095807339341\"><strong>T\u00ednh th\u1ea9m m\u1ef9:<\/strong><\/span><\/div>\n<div class=\"vM0jzc\"><span data-huuid=\"12904771095807338526\">Thi\u1ebft k\u1ebf ki\u1ec3u d\u00e1ng \u0111\u1eb9p m\u1eaft, b\u1ed5 sung cho b\u1ea5t k\u1ef3 kh\u00f4ng gian b\u1ebfp n\u00e0o.<span class=\"pjBG2e\" data-cid=\"a8dff1b5-0856-41a7-98bc-21d461b9f3a0\"><span class=\"UV3uM\">\u00a0<\/span><\/span><\/span><\/div>\n<\/div>\n<\/div>\n<\/div>\n<\/li>\n<\/ul>\n","protected":false},"excerpt":{"rendered":"<p>Ch\u1ea5t li\u1ec7u: \u0110\u01b0\u1ee3c l\u00e0m t\u1eeb th\u00e9p kh\u00f4ng g\u1ec9 b\u1ec1n, \u0111\u1ea3m b\u1ea3o \u0111\u1ed9 b\u1ec1n v\u00e0 kh\u1ea3 n\u0103ng ch\u1ed1ng g\u1ec9 s\u00e9t, \u0103n m\u00f2n.\u00a0 Thi\u1ebft k\u1ebf: Thi\u1ebft k\u1ebf ti\u1ec7n d\u1ee5ng mang l\u1ea1i c\u1ea3m gi\u00e1c c\u1ea7m n\u1eafm tho\u1ea3i m\u00e1i, gi\u00fap vi\u1ec7c n\u1ea5u n\u01b0\u1edbng v\u00e0 ph\u1ee5c v\u1ee5 d\u1ec5 d\u00e0ng h\u01a1n.\u00a0 T\u00ednh n\u0103ng: \u0110a n\u0103ng, ph\u00f9 h\u1ee3p cho nhi\u1ec1u c\u00f4ng vi\u1ec7c [&#8230;]\n","protected":false},"featured_media":4475,"comment_status":"open","ping_status":"closed","template":"","meta":{"_uag_custom_page_level_css":""},"product_brand":[134],"product_cat":[132],"product_tag":[],"class_list":{"0":"post-4406","1":"product","2":"type-product","3":"status-publish","4":"has-post-thumbnail","6":"product_brand-ngu-kim","7":"product_cat-ngu-kim","9":"first","10":"instock","11":"shipping-taxable","12":"purchasable","13":"product-type-simple"},"yoast_head":"<!-- This site is optimized with the Yoast SEO plugin v27.3 - https:\/\/yoast.com\/product\/yoast-seo-wordpress\/ -->\n<title>B\u1ed9 d\u1ee5ng c\u1ee5 nh\u00e0 b\u1ebfp 699 - trungviettrung.com<\/title>\n<meta name=\"robots\" content=\"index, follow, max-snippet:-1, max-image-preview:large, max-video-preview:-1\" \/>\n<link rel=\"canonical\" href=\"https:\/\/trungviettrung.com\/san-pham\/bo-dung-cu-nha-bep-699\/\" \/>\n<meta property=\"og:locale\" content=\"vi_VN\" \/>\n<meta property=\"og:type\" content=\"article\" \/>\n<meta property=\"og:title\" content=\"B\u1ed9 d\u1ee5ng c\u1ee5 nh\u00e0 b\u1ebfp 699 - trungviettrung.com\" \/>\n<meta property=\"og:description\" content=\"Ch\u1ea5t li\u1ec7u: \u0110\u01b0\u1ee3c l\u00e0m t\u1eeb th\u00e9p kh\u00f4ng g\u1ec9 b\u1ec1n, \u0111\u1ea3m b\u1ea3o \u0111\u1ed9 b\u1ec1n v\u00e0 kh\u1ea3 n\u0103ng ch\u1ed1ng g\u1ec9 s\u00e9t, \u0103n m\u00f2n.\u00a0 Thi\u1ebft k\u1ebf: Thi\u1ebft k\u1ebf ti\u1ec7n d\u1ee5ng mang l\u1ea1i c\u1ea3m gi\u00e1c c\u1ea7m n\u1eafm tho\u1ea3i m\u00e1i, gi\u00fap vi\u1ec7c n\u1ea5u n\u01b0\u1edbng v\u00e0 ph\u1ee5c v\u1ee5 d\u1ec5 d\u00e0ng h\u01a1n.\u00a0 T\u00ednh n\u0103ng: \u0110a n\u0103ng, ph\u00f9 h\u1ee3p cho nhi\u1ec1u c\u00f4ng vi\u1ec7c [...]\" \/>\n<meta property=\"og:url\" content=\"https:\/\/trungviettrung.com\/san-pham\/bo-dung-cu-nha-bep-699\/\" \/>\n<meta property=\"og:site_name\" content=\"trungviettrung.com\" \/>\n<meta property=\"article:publisher\" content=\"https:\/\/www.facebook.com\/tttmtrungviettrung\/\" \/>\n<meta property=\"article:modified_time\" content=\"2025-08-16T04:13:56+00:00\" \/>\n<meta property=\"og:image\" content=\"https:\/\/trungviettrung.com\/wp-content\/uploads\/2025\/08\/Anh-chup-man-hinh-2025-08-12-153819.png\" \/>\n\t<meta property=\"og:image:width\" content=\"641\" \/>\n\t<meta property=\"og:image:height\" content=\"534\" \/>\n\t<meta property=\"og:image:type\" content=\"image\/png\" \/>\n<meta name=\"twitter:card\" content=\"summary_large_image\" \/>\n<meta name=\"twitter:label1\" content=\"\u01af\u1edbc t\u00ednh th\u1eddi gian \u0111\u1ecdc\" \/>\n\t<meta name=\"twitter:data1\" content=\"1 ph\u00fat\" \/>\n<script type=\"application\/ld+json\" class=\"yoast-schema-graph\">{\"@context\":\"https:\\\/\\\/schema.org\",\"@graph\":[{\"@type\":\"WebPage\",\"@id\":\"https:\\\/\\\/trungviettrung.com\\\/san-pham\\\/bo-dung-cu-nha-bep-699\\\/\",\"url\":\"https:\\\/\\\/trungviettrung.com\\\/san-pham\\\/bo-dung-cu-nha-bep-699\\\/\",\"name\":\"B\u1ed9 d\u1ee5ng c\u1ee5 nh\u00e0 b\u1ebfp 699 - trungviettrung.com\",\"isPartOf\":{\"@id\":\"https:\\\/\\\/trungviettrung.com\\\/#website\"},\"primaryImageOfPage\":{\"@id\":\"https:\\\/\\\/trungviettrung.com\\\/san-pham\\\/bo-dung-cu-nha-bep-699\\\/#primaryimage\"},\"image\":{\"@id\":\"https:\\\/\\\/trungviettrung.com\\\/san-pham\\\/bo-dung-cu-nha-bep-699\\\/#primaryimage\"},\"thumbnailUrl\":\"https:\\\/\\\/trungviettrung.com\\\/wp-content\\\/uploads\\\/2025\\\/08\\\/Anh-chup-man-hinh-2025-08-12-153819.png\",\"datePublished\":\"2025-08-16T04:12:30+00:00\",\"dateModified\":\"2025-08-16T04:13:56+00:00\",\"breadcrumb\":{\"@id\":\"https:\\\/\\\/trungviettrung.com\\\/san-pham\\\/bo-dung-cu-nha-bep-699\\\/#breadcrumb\"},\"inLanguage\":\"vi\",\"potentialAction\":[{\"@type\":\"ReadAction\",\"target\":[\"https:\\\/\\\/trungviettrung.com\\\/san-pham\\\/bo-dung-cu-nha-bep-699\\\/\"]}]},{\"@type\":\"ImageObject\",\"inLanguage\":\"vi\",\"@id\":\"https:\\\/\\\/trungviettrung.com\\\/san-pham\\\/bo-dung-cu-nha-bep-699\\\/#primaryimage\",\"url\":\"https:\\\/\\\/trungviettrung.com\\\/wp-content\\\/uploads\\\/2025\\\/08\\\/Anh-chup-man-hinh-2025-08-12-153819.png\",\"contentUrl\":\"https:\\\/\\\/trungviettrung.com\\\/wp-content\\\/uploads\\\/2025\\\/08\\\/Anh-chup-man-hinh-2025-08-12-153819.png\",\"width\":641,\"height\":534},{\"@type\":\"BreadcrumbList\",\"@id\":\"https:\\\/\\\/trungviettrung.com\\\/san-pham\\\/bo-dung-cu-nha-bep-699\\\/#breadcrumb\",\"itemListElement\":[{\"@type\":\"ListItem\",\"position\":1,\"name\":\"Trang ch\u1ee7\",\"item\":\"https:\\\/\\\/trungviettrung.com\\\/\"},{\"@type\":\"ListItem\",\"position\":2,\"name\":\"C\u1eeda h\u00e0ng\",\"item\":\"https:\\\/\\\/trungviettrung.com\\\/cua-hang\\\/\"},{\"@type\":\"ListItem\",\"position\":3,\"name\":\"B\u1ed9 d\u1ee5ng c\u1ee5 nh\u00e0 b\u1ebfp 699\"}]},{\"@type\":\"WebSite\",\"@id\":\"https:\\\/\\\/trungviettrung.com\\\/#website\",\"url\":\"https:\\\/\\\/trungviettrung.com\\\/\",\"name\":\"trungviettrung.com\",\"description\":\"\",\"publisher\":{\"@id\":\"https:\\\/\\\/trungviettrung.com\\\/#organization\"},\"potentialAction\":[{\"@type\":\"SearchAction\",\"target\":{\"@type\":\"EntryPoint\",\"urlTemplate\":\"https:\\\/\\\/trungviettrung.com\\\/?s={search_term_string}\"},\"query-input\":{\"@type\":\"PropertyValueSpecification\",\"valueRequired\":true,\"valueName\":\"search_term_string\"}}],\"inLanguage\":\"vi\"},{\"@type\":\"Organization\",\"@id\":\"https:\\\/\\\/trungviettrung.com\\\/#organization\",\"name\":\"trungviettrung.com\",\"url\":\"https:\\\/\\\/trungviettrung.com\\\/\",\"logo\":{\"@type\":\"ImageObject\",\"inLanguage\":\"vi\",\"@id\":\"https:\\\/\\\/trungviettrung.com\\\/#\\\/schema\\\/logo\\\/image\\\/\",\"url\":\"https:\\\/\\\/trungviettrung.com\\\/wp-content\\\/uploads\\\/2025\\\/09\\\/DAT-hang-NGAY-scaled.png\",\"contentUrl\":\"https:\\\/\\\/trungviettrung.com\\\/wp-content\\\/uploads\\\/2025\\\/09\\\/DAT-hang-NGAY-scaled.png\",\"width\":2560,\"height\":2146,\"caption\":\"trungviettrung.com\"},\"image\":{\"@id\":\"https:\\\/\\\/trungviettrung.com\\\/#\\\/schema\\\/logo\\\/image\\\/\"},\"sameAs\":[\"https:\\\/\\\/www.facebook.com\\\/tttmtrungviettrung\\\/\",\"https:\\\/\\\/www.youtube.com\\\/@tttmtrungviettrung\"]}]}<\/script>\n<!-- \/ Yoast SEO plugin. -->","yoast_head_json":{"title":"B\u1ed9 d\u1ee5ng c\u1ee5 nh\u00e0 b\u1ebfp 699 - trungviettrung.com","robots":{"index":"index","follow":"follow","max-snippet":"max-snippet:-1","max-image-preview":"max-image-preview:large","max-video-preview":"max-video-preview:-1"},"canonical":"https:\/\/trungviettrung.com\/san-pham\/bo-dung-cu-nha-bep-699\/","og_locale":"vi_VN","og_type":"article","og_title":"B\u1ed9 d\u1ee5ng c\u1ee5 nh\u00e0 b\u1ebfp 699 - trungviettrung.com","og_description":"Ch\u1ea5t li\u1ec7u: \u0110\u01b0\u1ee3c l\u00e0m t\u1eeb th\u00e9p kh\u00f4ng g\u1ec9 b\u1ec1n, \u0111\u1ea3m b\u1ea3o \u0111\u1ed9 b\u1ec1n v\u00e0 kh\u1ea3 n\u0103ng ch\u1ed1ng g\u1ec9 s\u00e9t, \u0103n m\u00f2n.\u00a0 Thi\u1ebft k\u1ebf: Thi\u1ebft k\u1ebf ti\u1ec7n d\u1ee5ng mang l\u1ea1i c\u1ea3m gi\u00e1c c\u1ea7m n\u1eafm tho\u1ea3i m\u00e1i, gi\u00fap vi\u1ec7c n\u1ea5u n\u01b0\u1edbng v\u00e0 ph\u1ee5c v\u1ee5 d\u1ec5 d\u00e0ng h\u01a1n.\u00a0 T\u00ednh n\u0103ng: \u0110a n\u0103ng, ph\u00f9 h\u1ee3p cho nhi\u1ec1u c\u00f4ng vi\u1ec7c [...]","og_url":"https:\/\/trungviettrung.com\/san-pham\/bo-dung-cu-nha-bep-699\/","og_site_name":"trungviettrung.com","article_publisher":"https:\/\/www.facebook.com\/tttmtrungviettrung\/","article_modified_time":"2025-08-16T04:13:56+00:00","og_image":[{"width":641,"height":534,"url":"https:\/\/trungviettrung.com\/wp-content\/uploads\/2025\/08\/Anh-chup-man-hinh-2025-08-12-153819.png","type":"image\/png"}],"twitter_card":"summary_large_image","twitter_misc":{"\u01af\u1edbc t\u00ednh th\u1eddi gian \u0111\u1ecdc":"1 ph\u00fat"},"schema":{"@context":"https:\/\/schema.org","@graph":[{"@type":"WebPage","@id":"https:\/\/trungviettrung.com\/san-pham\/bo-dung-cu-nha-bep-699\/","url":"https:\/\/trungviettrung.com\/san-pham\/bo-dung-cu-nha-bep-699\/","name":"B\u1ed9 d\u1ee5ng c\u1ee5 nh\u00e0 b\u1ebfp 699 - trungviettrung.com","isPartOf":{"@id":"https:\/\/trungviettrung.com\/#website"},"primaryImageOfPage":{"@id":"https:\/\/trungviettrung.com\/san-pham\/bo-dung-cu-nha-bep-699\/#primaryimage"},"image":{"@id":"https:\/\/trungviettrung.com\/san-pham\/bo-dung-cu-nha-bep-699\/#primaryimage"},"thumbnailUrl":"https:\/\/trungviettrung.com\/wp-content\/uploads\/2025\/08\/Anh-chup-man-hinh-2025-08-12-153819.png","datePublished":"2025-08-16T04:12:30+00:00","dateModified":"2025-08-16T04:13:56+00:00","breadcrumb":{"@id":"https:\/\/trungviettrung.com\/san-pham\/bo-dung-cu-nha-bep-699\/#breadcrumb"},"inLanguage":"vi","potentialAction":[{"@type":"ReadAction","target":["https:\/\/trungviettrung.com\/san-pham\/bo-dung-cu-nha-bep-699\/"]}]},{"@type":"ImageObject","inLanguage":"vi","@id":"https:\/\/trungviettrung.com\/san-pham\/bo-dung-cu-nha-bep-699\/#primaryimage","url":"https:\/\/trungviettrung.com\/wp-content\/uploads\/2025\/08\/Anh-chup-man-hinh-2025-08-12-153819.png","contentUrl":"https:\/\/trungviettrung.com\/wp-content\/uploads\/2025\/08\/Anh-chup-man-hinh-2025-08-12-153819.png","width":641,"height":534},{"@type":"BreadcrumbList","@id":"https:\/\/trungviettrung.com\/san-pham\/bo-dung-cu-nha-bep-699\/#breadcrumb","itemListElement":[{"@type":"ListItem","position":1,"name":"Trang ch\u1ee7","item":"https:\/\/trungviettrung.com\/"},{"@type":"ListItem","position":2,"name":"C\u1eeda h\u00e0ng","item":"https:\/\/trungviettrung.com\/cua-hang\/"},{"@type":"ListItem","position":3,"name":"B\u1ed9 d\u1ee5ng c\u1ee5 nh\u00e0 b\u1ebfp 699"}]},{"@type":"WebSite","@id":"https:\/\/trungviettrung.com\/#website","url":"https:\/\/trungviettrung.com\/","name":"trungviettrung.com","description":"","publisher":{"@id":"https:\/\/trungviettrung.com\/#organization"},"potentialAction":[{"@type":"SearchAction","target":{"@type":"EntryPoint","urlTemplate":"https:\/\/trungviettrung.com\/?s={search_term_string}"},"query-input":{"@type":"PropertyValueSpecification","valueRequired":true,"valueName":"search_term_string"}}],"inLanguage":"vi"},{"@type":"Organization","@id":"https:\/\/trungviettrung.com\/#organization","name":"trungviettrung.com","url":"https:\/\/trungviettrung.com\/","logo":{"@type":"ImageObject","inLanguage":"vi","@id":"https:\/\/trungviettrung.com\/#\/schema\/logo\/image\/","url":"https:\/\/trungviettrung.com\/wp-content\/uploads\/2025\/09\/DAT-hang-NGAY-scaled.png","contentUrl":"https:\/\/trungviettrung.com\/wp-content\/uploads\/2025\/09\/DAT-hang-NGAY-scaled.png","width":2560,"height":2146,"caption":"trungviettrung.com"},"image":{"@id":"https:\/\/trungviettrung.com\/#\/schema\/logo\/image\/"},"sameAs":["https:\/\/www.facebook.com\/tttmtrungviettrung\/","https:\/\/www.youtube.com\/@tttmtrungviettrung"]}]}},"uagb_featured_image_src":{"full":["https:\/\/trungviettrung.com\/wp-content\/uploads\/2025\/08\/Anh-chup-man-hinh-2025-08-12-153819.png",641,534,false],"thumbnail":["https:\/\/trungviettrung.com\/wp-content\/uploads\/2025\/08\/Anh-chup-man-hinh-2025-08-12-153819-280x280.png",280,280,true],"medium":["https:\/\/trungviettrung.com\/wp-content\/uploads\/2025\/08\/Anh-chup-man-hinh-2025-08-12-153819-480x400.png",480,400,true],"medium_large":["https:\/\/trungviettrung.com\/wp-content\/uploads\/2025\/08\/Anh-chup-man-hinh-2025-08-12-153819.png",641,534,false],"large":["https:\/\/trungviettrung.com\/wp-content\/uploads\/2025\/08\/Anh-chup-man-hinh-2025-08-12-153819.png",641,534,false],"1536x1536":["https:\/\/trungviettrung.com\/wp-content\/uploads\/2025\/08\/Anh-chup-man-hinh-2025-08-12-153819.png",641,534,false],"2048x2048":["https:\/\/trungviettrung.com\/wp-content\/uploads\/2025\/08\/Anh-chup-man-hinh-2025-08-12-153819.png",641,534,false],"woocommerce_thumbnail":["https:\/\/trungviettrung.com\/wp-content\/uploads\/2025\/08\/Anh-chup-man-hinh-2025-08-12-153819-300x300.png",300,300,true],"woocommerce_single":["https:\/\/trungviettrung.com\/wp-content\/uploads\/2025\/08\/Anh-chup-man-hinh-2025-08-12-153819-600x500.png",600,500,true],"woocommerce_gallery_thumbnail":["https:\/\/trungviettrung.com\/wp-content\/uploads\/2025\/08\/Anh-chup-man-hinh-2025-08-12-153819-100x100.png",100,100,true]},"uagb_author_info":{"display_name":"NOVA","author_link":"https:\/\/trungviettrung.com\/author\/"},"uagb_comment_info":0,"uagb_excerpt":"Ch\u1ea5t li\u1ec7u: \u0110\u01b0\u1ee3c l\u00e0m t\u1eeb th\u00e9p kh\u00f4ng g\u1ec9 b\u1ec1n, \u0111\u1ea3m b\u1ea3o \u0111\u1ed9 b\u1ec1n v\u00e0 kh\u1ea3 n\u0103ng ch\u1ed1ng g\u1ec9 s\u00e9t, \u0103n m\u00f2n.\u00a0 Thi\u1ebft k\u1ebf: Thi\u1ebft k\u1ebf ti\u1ec7n d\u1ee5ng mang l\u1ea1i c\u1ea3m gi\u00e1c c\u1ea7m n\u1eafm tho\u1ea3i m\u00e1i, gi\u00fap vi\u1ec7c n\u1ea5u n\u01b0\u1edbng v\u00e0 ph\u1ee5c v\u1ee5 d\u1ec5 d\u00e0ng h\u01a1n.\u00a0 T\u00ednh n\u0103ng: \u0110a n\u0103ng, ph\u00f9 h\u1ee3p cho nhi\u1ec1u c\u00f4ng vi\u1ec7c&hellip;","_links":{"self":[{"href":"https:\/\/trungviettrung.com\/wp-json\/wp\/v2\/product\/4406","targetHints":{"allow":["GET"]}}],"collection":[{"href":"https:\/\/trungviettrung.com\/wp-json\/wp\/v2\/product"}],"about":[{"href":"https:\/\/trungviettrung.com\/wp-json\/wp\/v2\/types\/product"}],"replies":[{"embeddable":true,"href":"https:\/\/trungviettrung.com\/wp-json\/wp\/v2\/comments?post=4406"}],"wp:featuredmedia":[{"embeddable":true,"href":"https:\/\/trungviettrung.com\/wp-json\/wp\/v2\/media\/4475"}],"wp:attachment":[{"href":"https:\/\/trungviettrung.com\/wp-json\/wp\/v2\/media?parent=4406"}],"wp:term":[{"taxonomy":"product_brand","embeddable":true,"href":"https:\/\/trungviettrung.com\/wp-json\/wp\/v2\/product_brand?post=4406"},{"taxonomy":"product_cat","embeddable":true,"href":"https:\/\/trungviettrung.com\/wp-json\/wp\/v2\/product_cat?post=4406"},{"taxonomy":"product_tag","embeddable":true,"href":"https:\/\/trungviettrung.com\/wp-json\/wp\/v2\/product_tag?post=4406"}],"curies":[{"name":"wp","href":"https:\/\/api.w.org\/{rel}","templated":true}]}}