{"id":4714,"date":"2025-08-23T02:08:15","date_gmt":"2025-08-23T02:08:15","guid":{"rendered":"https:\/\/trungviettrung.com\/?post_type=product&#038;p=4714"},"modified":"2026-03-18T06:29:49","modified_gmt":"2026-03-18T06:29:49","slug":"may-phien-dich-da-ngon-ngu-byms","status":"publish","type":"product","link":"https:\/\/trungviettrung.com\/san-pham\/may-phien-dich-da-ngon-ngu-byms\/","title":{"rendered":"M\u00e1y phi\u00ean d\u1ecbch \u0111a ng\u00f4n ng\u1eef BYMS"},"content":{"rendered":"<p><img fetchpriority=\"high\" decoding=\"async\" class=\"alignnone  wp-image-3257\" src=\"https:\/\/buy.tomo.com.vn\/wp-content\/uploads\/2025\/08\/Image_20250819162742-459x1024.jpg\" alt=\"\" width=\"534\" height=\"1192\" \/> <img decoding=\"async\" class=\"alignnone  wp-image-3258\" src=\"https:\/\/buy.tomo.com.vn\/wp-content\/uploads\/2025\/08\/Image_20250819162749.jpg\" alt=\"\" width=\"615\" height=\"1200\" \/><\/p>\n<p><img decoding=\"async\" class=\"alignnone  wp-image-3245\" src=\"https:\/\/buy.tomo.com.vn\/wp-content\/uploads\/2025\/08\/DSCF1669-1024x683.jpg\" alt=\"\" width=\"1151\" height=\"768\" \/><img loading=\"lazy\" decoding=\"async\" class=\"alignnone  wp-image-3246\" src=\"https:\/\/buy.tomo.com.vn\/wp-content\/uploads\/2025\/08\/DSCF1673-1024x683.jpg\" alt=\"\" width=\"1148\" height=\"766\" \/><img loading=\"lazy\" decoding=\"async\" class=\"alignnone  wp-image-3247\" src=\"https:\/\/buy.tomo.com.vn\/wp-content\/uploads\/2025\/08\/DSCF1674-2-1024x683.jpg\" alt=\"\" width=\"1148\" height=\"766\" \/><img loading=\"lazy\" decoding=\"async\" class=\"alignnone  wp-image-3248\" src=\"https:\/\/buy.tomo.com.vn\/wp-content\/uploads\/2025\/08\/DSCF1680-2-1024x683.jpg\" alt=\"\" width=\"1147\" height=\"765\" \/><\/p>\n","protected":false},"excerpt":{"rendered":"<p><strong data-start=\"369\" data-end=\"391\">T\u00ednh n\u0103ng n\u1ed5i b\u1eadt:<\/strong><br data-start=\"391\" data-end=\"394\" \/>D\u1ecbch nhanh \u2013 ch\u00ednh x\u00e1c \u2013 d\u1ec5 s\u1eed d\u1ee5ng.<br data-start=\"432\" data-end=\"435\" \/>Giao ti\u1ebfp tr\u1ef1c ti\u1ebfp v\u1edbi \u0111\u1ed1i t\u00e1c n\u01b0\u1edbc ngo\u00e0i, kh\u00f4ng c\u1ea7n phi\u00ean d\u1ecbch vi\u00ean.<br data-start=\"507\" data-end=\"510\" \/>M\u00e0n h\u00ecnh c\u1ea3m \u1ee9ng ti\u1ec7n l\u1ee3i, l\u01b0u \u0111\u01b0\u1ee3c l\u1ecbch s\u1eed d\u1ecbch.<br data-start=\"561\" data-end=\"564\" \/>\u1ee8ng d\u1ee5ng \u0111a n\u0103ng: ghi ch\u00fa, google \u0111\u1ecdc t\u00e0i li\u1ec7u, d\u00f9ng Word, l\u1ecbch, \u0111\u1ed3ng h\u1ed3\u2026<\/p>\n","protected":false},"featured_media":4720,"comment_status":"open","ping_status":"closed","template":"","meta":{"_uag_custom_page_level_css":""},"product_brand":[],"product_cat":[28],"product_tag":[],"class_list":{"0":"post-4714","1":"product","2":"type-product","3":"status-publish","4":"has-post-thumbnail","6":"product_cat-tat-ca-san-pham","8":"first","9":"instock","10":"sale","11":"shipping-taxable","12":"purchasable","13":"product-type-simple"},"yoast_head":"<!-- This site is optimized with the Yoast SEO plugin v27.3 - https:\/\/yoast.com\/product\/yoast-seo-wordpress\/ -->\n<title>M\u00e1y phi\u00ean d\u1ecbch \u0111a ng\u00f4n ng\u1eef BYMS - trungviettrung.com<\/title>\n<meta name=\"robots\" content=\"index, follow, max-snippet:-1, max-image-preview:large, max-video-preview:-1\" \/>\n<link rel=\"canonical\" href=\"https:\/\/trungviettrung.com\/san-pham\/may-phien-dich-da-ngon-ngu-byms\/\" \/>\n<meta property=\"og:locale\" content=\"vi_VN\" \/>\n<meta property=\"og:type\" content=\"article\" \/>\n<meta property=\"og:title\" content=\"M\u00e1y phi\u00ean d\u1ecbch \u0111a ng\u00f4n ng\u1eef BYMS - trungviettrung.com\" \/>\n<meta property=\"og:description\" content=\"T\u00ednh n\u0103ng n\u1ed5i b\u1eadt:D\u1ecbch nhanh \u2013 ch\u00ednh x\u00e1c \u2013 d\u1ec5 s\u1eed d\u1ee5ng.Giao ti\u1ebfp tr\u1ef1c ti\u1ebfp v\u1edbi \u0111\u1ed1i t\u00e1c n\u01b0\u1edbc ngo\u00e0i, kh\u00f4ng c\u1ea7n phi\u00ean d\u1ecbch vi\u00ean.M\u00e0n h\u00ecnh c\u1ea3m \u1ee9ng ti\u1ec7n l\u1ee3i, l\u01b0u \u0111\u01b0\u1ee3c l\u1ecbch s\u1eed d\u1ecbch.\u1ee8ng d\u1ee5ng \u0111a n\u0103ng: ghi ch\u00fa, google \u0111\u1ecdc t\u00e0i li\u1ec7u, d\u00f9ng Word, l\u1ecbch, \u0111\u1ed3ng h\u1ed3\u2026\" \/>\n<meta property=\"og:url\" content=\"https:\/\/trungviettrung.com\/san-pham\/may-phien-dich-da-ngon-ngu-byms\/\" \/>\n<meta property=\"og:site_name\" content=\"trungviettrung.com\" \/>\n<meta property=\"article:publisher\" content=\"https:\/\/www.facebook.com\/tttmtrungviettrung\/\" \/>\n<meta property=\"article:modified_time\" content=\"2026-03-18T06:29:49+00:00\" \/>\n<meta property=\"og:image\" content=\"https:\/\/trungviettrung.com\/wp-content\/uploads\/2025\/08\/DSCF1669-scaled-1.jpg\" \/>\n\t<meta property=\"og:image:width\" content=\"2560\" \/>\n\t<meta property=\"og:image:height\" content=\"1706\" \/>\n\t<meta property=\"og:image:type\" content=\"image\/jpeg\" \/>\n<meta name=\"twitter:card\" content=\"summary_large_image\" \/>\n<script type=\"application\/ld+json\" class=\"yoast-schema-graph\">{\"@context\":\"https:\\\/\\\/schema.org\",\"@graph\":[{\"@type\":\"WebPage\",\"@id\":\"https:\\\/\\\/trungviettrung.com\\\/san-pham\\\/may-phien-dich-da-ngon-ngu-byms\\\/\",\"url\":\"https:\\\/\\\/trungviettrung.com\\\/san-pham\\\/may-phien-dich-da-ngon-ngu-byms\\\/\",\"name\":\"M\u00e1y phi\u00ean d\u1ecbch \u0111a ng\u00f4n ng\u1eef BYMS - trungviettrung.com\",\"isPartOf\":{\"@id\":\"https:\\\/\\\/trungviettrung.com\\\/#website\"},\"primaryImageOfPage\":{\"@id\":\"https:\\\/\\\/trungviettrung.com\\\/san-pham\\\/may-phien-dich-da-ngon-ngu-byms\\\/#primaryimage\"},\"image\":{\"@id\":\"https:\\\/\\\/trungviettrung.com\\\/san-pham\\\/may-phien-dich-da-ngon-ngu-byms\\\/#primaryimage\"},\"thumbnailUrl\":\"https:\\\/\\\/trungviettrung.com\\\/wp-content\\\/uploads\\\/2025\\\/08\\\/DSCF1669-scaled-1.jpg\",\"datePublished\":\"2025-08-23T02:08:15+00:00\",\"dateModified\":\"2026-03-18T06:29:49+00:00\",\"breadcrumb\":{\"@id\":\"https:\\\/\\\/trungviettrung.com\\\/san-pham\\\/may-phien-dich-da-ngon-ngu-byms\\\/#breadcrumb\"},\"inLanguage\":\"vi\",\"potentialAction\":[{\"@type\":\"ReadAction\",\"target\":[\"https:\\\/\\\/trungviettrung.com\\\/san-pham\\\/may-phien-dich-da-ngon-ngu-byms\\\/\"]}]},{\"@type\":\"ImageObject\",\"inLanguage\":\"vi\",\"@id\":\"https:\\\/\\\/trungviettrung.com\\\/san-pham\\\/may-phien-dich-da-ngon-ngu-byms\\\/#primaryimage\",\"url\":\"https:\\\/\\\/trungviettrung.com\\\/wp-content\\\/uploads\\\/2025\\\/08\\\/DSCF1669-scaled-1.jpg\",\"contentUrl\":\"https:\\\/\\\/trungviettrung.com\\\/wp-content\\\/uploads\\\/2025\\\/08\\\/DSCF1669-scaled-1.jpg\",\"width\":2560,\"height\":1706},{\"@type\":\"BreadcrumbList\",\"@id\":\"https:\\\/\\\/trungviettrung.com\\\/san-pham\\\/may-phien-dich-da-ngon-ngu-byms\\\/#breadcrumb\",\"itemListElement\":[{\"@type\":\"ListItem\",\"position\":1,\"name\":\"Trang ch\u1ee7\",\"item\":\"https:\\\/\\\/trungviettrung.com\\\/\"},{\"@type\":\"ListItem\",\"position\":2,\"name\":\"C\u1eeda h\u00e0ng\",\"item\":\"https:\\\/\\\/trungviettrung.com\\\/cua-hang\\\/\"},{\"@type\":\"ListItem\",\"position\":3,\"name\":\"M\u00e1y phi\u00ean d\u1ecbch \u0111a ng\u00f4n ng\u1eef BYMS\"}]},{\"@type\":\"WebSite\",\"@id\":\"https:\\\/\\\/trungviettrung.com\\\/#website\",\"url\":\"https:\\\/\\\/trungviettrung.com\\\/\",\"name\":\"trungviettrung.com\",\"description\":\"\",\"publisher\":{\"@id\":\"https:\\\/\\\/trungviettrung.com\\\/#organization\"},\"potentialAction\":[{\"@type\":\"SearchAction\",\"target\":{\"@type\":\"EntryPoint\",\"urlTemplate\":\"https:\\\/\\\/trungviettrung.com\\\/?s={search_term_string}\"},\"query-input\":{\"@type\":\"PropertyValueSpecification\",\"valueRequired\":true,\"valueName\":\"search_term_string\"}}],\"inLanguage\":\"vi\"},{\"@type\":\"Organization\",\"@id\":\"https:\\\/\\\/trungviettrung.com\\\/#organization\",\"name\":\"trungviettrung.com\",\"url\":\"https:\\\/\\\/trungviettrung.com\\\/\",\"logo\":{\"@type\":\"ImageObject\",\"inLanguage\":\"vi\",\"@id\":\"https:\\\/\\\/trungviettrung.com\\\/#\\\/schema\\\/logo\\\/image\\\/\",\"url\":\"https:\\\/\\\/trungviettrung.com\\\/wp-content\\\/uploads\\\/2025\\\/09\\\/DAT-hang-NGAY-scaled.png\",\"contentUrl\":\"https:\\\/\\\/trungviettrung.com\\\/wp-content\\\/uploads\\\/2025\\\/09\\\/DAT-hang-NGAY-scaled.png\",\"width\":2560,\"height\":2146,\"caption\":\"trungviettrung.com\"},\"image\":{\"@id\":\"https:\\\/\\\/trungviettrung.com\\\/#\\\/schema\\\/logo\\\/image\\\/\"},\"sameAs\":[\"https:\\\/\\\/www.facebook.com\\\/tttmtrungviettrung\\\/\",\"https:\\\/\\\/www.youtube.com\\\/@tttmtrungviettrung\"]}]}<\/script>\n<!-- \/ Yoast SEO plugin. -->","yoast_head_json":{"title":"M\u00e1y phi\u00ean d\u1ecbch \u0111a ng\u00f4n ng\u1eef BYMS - trungviettrung.com","robots":{"index":"index","follow":"follow","max-snippet":"max-snippet:-1","max-image-preview":"max-image-preview:large","max-video-preview":"max-video-preview:-1"},"canonical":"https:\/\/trungviettrung.com\/san-pham\/may-phien-dich-da-ngon-ngu-byms\/","og_locale":"vi_VN","og_type":"article","og_title":"M\u00e1y phi\u00ean d\u1ecbch \u0111a ng\u00f4n ng\u1eef BYMS - trungviettrung.com","og_description":"T\u00ednh n\u0103ng n\u1ed5i b\u1eadt:D\u1ecbch nhanh \u2013 ch\u00ednh x\u00e1c \u2013 d\u1ec5 s\u1eed d\u1ee5ng.Giao ti\u1ebfp tr\u1ef1c ti\u1ebfp v\u1edbi \u0111\u1ed1i t\u00e1c n\u01b0\u1edbc ngo\u00e0i, kh\u00f4ng c\u1ea7n phi\u00ean d\u1ecbch vi\u00ean.M\u00e0n h\u00ecnh c\u1ea3m \u1ee9ng ti\u1ec7n l\u1ee3i, l\u01b0u \u0111\u01b0\u1ee3c l\u1ecbch s\u1eed d\u1ecbch.\u1ee8ng d\u1ee5ng \u0111a n\u0103ng: ghi ch\u00fa, google \u0111\u1ecdc t\u00e0i li\u1ec7u, d\u00f9ng Word, l\u1ecbch, \u0111\u1ed3ng h\u1ed3\u2026","og_url":"https:\/\/trungviettrung.com\/san-pham\/may-phien-dich-da-ngon-ngu-byms\/","og_site_name":"trungviettrung.com","article_publisher":"https:\/\/www.facebook.com\/tttmtrungviettrung\/","article_modified_time":"2026-03-18T06:29:49+00:00","og_image":[{"width":2560,"height":1706,"url":"https:\/\/trungviettrung.com\/wp-content\/uploads\/2025\/08\/DSCF1669-scaled-1.jpg","type":"image\/jpeg"}],"twitter_card":"summary_large_image","schema":{"@context":"https:\/\/schema.org","@graph":[{"@type":"WebPage","@id":"https:\/\/trungviettrung.com\/san-pham\/may-phien-dich-da-ngon-ngu-byms\/","url":"https:\/\/trungviettrung.com\/san-pham\/may-phien-dich-da-ngon-ngu-byms\/","name":"M\u00e1y phi\u00ean d\u1ecbch \u0111a ng\u00f4n ng\u1eef BYMS - trungviettrung.com","isPartOf":{"@id":"https:\/\/trungviettrung.com\/#website"},"primaryImageOfPage":{"@id":"https:\/\/trungviettrung.com\/san-pham\/may-phien-dich-da-ngon-ngu-byms\/#primaryimage"},"image":{"@id":"https:\/\/trungviettrung.com\/san-pham\/may-phien-dich-da-ngon-ngu-byms\/#primaryimage"},"thumbnailUrl":"https:\/\/trungviettrung.com\/wp-content\/uploads\/2025\/08\/DSCF1669-scaled-1.jpg","datePublished":"2025-08-23T02:08:15+00:00","dateModified":"2026-03-18T06:29:49+00:00","breadcrumb":{"@id":"https:\/\/trungviettrung.com\/san-pham\/may-phien-dich-da-ngon-ngu-byms\/#breadcrumb"},"inLanguage":"vi","potentialAction":[{"@type":"ReadAction","target":["https:\/\/trungviettrung.com\/san-pham\/may-phien-dich-da-ngon-ngu-byms\/"]}]},{"@type":"ImageObject","inLanguage":"vi","@id":"https:\/\/trungviettrung.com\/san-pham\/may-phien-dich-da-ngon-ngu-byms\/#primaryimage","url":"https:\/\/trungviettrung.com\/wp-content\/uploads\/2025\/08\/DSCF1669-scaled-1.jpg","contentUrl":"https:\/\/trungviettrung.com\/wp-content\/uploads\/2025\/08\/DSCF1669-scaled-1.jpg","width":2560,"height":1706},{"@type":"BreadcrumbList","@id":"https:\/\/trungviettrung.com\/san-pham\/may-phien-dich-da-ngon-ngu-byms\/#breadcrumb","itemListElement":[{"@type":"ListItem","position":1,"name":"Trang ch\u1ee7","item":"https:\/\/trungviettrung.com\/"},{"@type":"ListItem","position":2,"name":"C\u1eeda h\u00e0ng","item":"https:\/\/trungviettrung.com\/cua-hang\/"},{"@type":"ListItem","position":3,"name":"M\u00e1y phi\u00ean d\u1ecbch \u0111a ng\u00f4n ng\u1eef BYMS"}]},{"@type":"WebSite","@id":"https:\/\/trungviettrung.com\/#website","url":"https:\/\/trungviettrung.com\/","name":"trungviettrung.com","description":"","publisher":{"@id":"https:\/\/trungviettrung.com\/#organization"},"potentialAction":[{"@type":"SearchAction","target":{"@type":"EntryPoint","urlTemplate":"https:\/\/trungviettrung.com\/?s={search_term_string}"},"query-input":{"@type":"PropertyValueSpecification","valueRequired":true,"valueName":"search_term_string"}}],"inLanguage":"vi"},{"@type":"Organization","@id":"https:\/\/trungviettrung.com\/#organization","name":"trungviettrung.com","url":"https:\/\/trungviettrung.com\/","logo":{"@type":"ImageObject","inLanguage":"vi","@id":"https:\/\/trungviettrung.com\/#\/schema\/logo\/image\/","url":"https:\/\/trungviettrung.com\/wp-content\/uploads\/2025\/09\/DAT-hang-NGAY-scaled.png","contentUrl":"https:\/\/trungviettrung.com\/wp-content\/uploads\/2025\/09\/DAT-hang-NGAY-scaled.png","width":2560,"height":2146,"caption":"trungviettrung.com"},"image":{"@id":"https:\/\/trungviettrung.com\/#\/schema\/logo\/image\/"},"sameAs":["https:\/\/www.facebook.com\/tttmtrungviettrung\/","https:\/\/www.youtube.com\/@tttmtrungviettrung"]}]}},"uagb_featured_image_src":{"full":["https:\/\/trungviettrung.com\/wp-content\/uploads\/2025\/08\/DSCF1669-scaled-1.jpg",2560,1706,false],"thumbnail":["https:\/\/trungviettrung.com\/wp-content\/uploads\/2025\/08\/DSCF1669-scaled-1-280x280.jpg",280,280,true],"medium":["https:\/\/trungviettrung.com\/wp-content\/uploads\/2025\/08\/DSCF1669-scaled-1-600x400.jpg",600,400,true],"medium_large":["https:\/\/trungviettrung.com\/wp-content\/uploads\/2025\/08\/DSCF1669-scaled-1-768x512.jpg",768,512,true],"large":["https:\/\/trungviettrung.com\/wp-content\/uploads\/2025\/08\/DSCF1669-scaled-1-1200x800.jpg",1020,680,true],"1536x1536":["https:\/\/trungviettrung.com\/wp-content\/uploads\/2025\/08\/DSCF1669-scaled-1-1536x1024.jpg",1536,1024,true],"2048x2048":["https:\/\/trungviettrung.com\/wp-content\/uploads\/2025\/08\/DSCF1669-scaled-1-2048x1365.jpg",2048,1365,true],"woocommerce_thumbnail":["https:\/\/trungviettrung.com\/wp-content\/uploads\/2025\/08\/DSCF1669-scaled-1-300x300.jpg",300,300,true],"woocommerce_single":["https:\/\/trungviettrung.com\/wp-content\/uploads\/2025\/08\/DSCF1669-scaled-1-600x400.jpg",600,400,true],"woocommerce_gallery_thumbnail":["https:\/\/trungviettrung.com\/wp-content\/uploads\/2025\/08\/DSCF1669-scaled-1-100x100.jpg",100,100,true]},"uagb_author_info":{"display_name":"NOVA","author_link":"https:\/\/trungviettrung.com\/author\/"},"uagb_comment_info":0,"uagb_excerpt":"T\u00ednh n\u0103ng n\u1ed5i b\u1eadt:D\u1ecbch nhanh \u2013 ch\u00ednh x\u00e1c \u2013 d\u1ec5 s\u1eed d\u1ee5ng.Giao ti\u1ebfp tr\u1ef1c ti\u1ebfp v\u1edbi \u0111\u1ed1i t\u00e1c n\u01b0\u1edbc ngo\u00e0i, kh\u00f4ng c\u1ea7n phi\u00ean d\u1ecbch vi\u00ean.M\u00e0n h\u00ecnh c\u1ea3m \u1ee9ng ti\u1ec7n l\u1ee3i, l\u01b0u \u0111\u01b0\u1ee3c l\u1ecbch s\u1eed d\u1ecbch.\u1ee8ng d\u1ee5ng \u0111a n\u0103ng: ghi ch\u00fa, google \u0111\u1ecdc t\u00e0i li\u1ec7u, d\u00f9ng Word, l\u1ecbch, \u0111\u1ed3ng h\u1ed3\u2026","_links":{"self":[{"href":"https:\/\/trungviettrung.com\/wp-json\/wp\/v2\/product\/4714","targetHints":{"allow":["GET"]}}],"collection":[{"href":"https:\/\/trungviettrung.com\/wp-json\/wp\/v2\/product"}],"about":[{"href":"https:\/\/trungviettrung.com\/wp-json\/wp\/v2\/types\/product"}],"replies":[{"embeddable":true,"href":"https:\/\/trungviettrung.com\/wp-json\/wp\/v2\/comments?post=4714"}],"wp:featuredmedia":[{"embeddable":true,"href":"https:\/\/trungviettrung.com\/wp-json\/wp\/v2\/media\/4720"}],"wp:attachment":[{"href":"https:\/\/trungviettrung.com\/wp-json\/wp\/v2\/media?parent=4714"}],"wp:term":[{"taxonomy":"product_brand","embeddable":true,"href":"https:\/\/trungviettrung.com\/wp-json\/wp\/v2\/product_brand?post=4714"},{"taxonomy":"product_cat","embeddable":true,"href":"https:\/\/trungviettrung.com\/wp-json\/wp\/v2\/product_cat?post=4714"},{"taxonomy":"product_tag","embeddable":true,"href":"https:\/\/trungviettrung.com\/wp-json\/wp\/v2\/product_tag?post=4714"}],"curies":[{"name":"wp","href":"https:\/\/api.w.org\/{rel}","templated":true}]}}